{"id":45,"date":"2022-01-06T20:39:29","date_gmt":"2022-01-06T22:39:29","guid":{"rendered":"https:\/\/seminarioconcordia.com.br\/site\/?page_id=45"},"modified":"2025-12-23T09:22:02","modified_gmt":"2025-12-23T12:22:02","slug":"mestrado-livre","status":"publish","type":"page","link":"https:\/\/seminarioconcordia.com.br\/site\/mestrado-livre\/","title":{"rendered":"Mestrado Livre"},"content":{"rendered":"<p><style>\/*! elementor - v3.6.8 - 27-07-2022 *\/<br \/>\n.elementor-heading-title{padding:0;margin:0;line-height:1}.elementor-widget-heading .elementor-heading-title[class*=elementor-size-]>a{color:inherit;font-size:inherit;line-height:inherit}.elementor-widget-heading .elementor-heading-title.elementor-size-small{font-size:15px}.elementor-widget-heading .elementor-heading-title.elementor-size-medium{font-size:19px}.elementor-widget-heading .elementor-heading-title.elementor-size-large{font-size:29px}.elementor-widget-heading .elementor-heading-title.elementor-size-xl{font-size:39px}.elementor-widget-heading .elementor-heading-title.elementor-size-xxl{font-size:59px}<\/style><\/p>\n<h2>Mestrado Livre<\/h2>\n<p>&nbsp;<\/p>\n<p><style>\/*! elementor - v3.6.8 - 27-07-2022 *\/<br \/>\n.e-container.e-container--row .elementor-spacer-inner{width:var(--spacer-size)}.e-container.e-container--column .elementor-spacer-inner,.elementor-column .elementor-spacer-inner{height:var(--spacer-size)}<\/style><\/p>\n<h3>Objetivo<\/h3>\n<p>O programa de\u00a0<strong>Mestrado Livre da Escola de P\u00f3s-gradua\u00e7\u00e3o do Semin\u00e1rio Conc\u00f3rdia<\/strong>\u00a0visa propiciar o estudo teol\u00f3gico com \u00eanfase no Minist\u00e9rio Pastoral a bachar\u00e9is e especialistas em Teologia em n\u00edvel de p\u00f3s-gradua\u00e7\u00e3o. Assim, o programa possibilita a forma\u00e7\u00e3o em termos de m\u00e9todo de pesquisa e trabalho, bem como de aprofundamento de conte\u00fado, nas\u00a0<strong>quatro grandes \u00e1reas da Teologia:<\/strong>\u00a0Teologia Exeg\u00e9tica, Teologia Sistem\u00e1tica, Teologia Hist\u00f3rica e Teologia Pr\u00e1tica ou Aplicada.<\/p>\n<h3>\u00a0<\/h3>\n<h3>P\u00fablico-Alvo e Pr\u00e9-Requisitos<\/h3>\n<p>O curso de Mestrado Livre se destina a\u00a0<strong>bachar\u00e9is e especialistas em Teologia.<\/strong>\u00a0<\/p>\n<p>O candidato dever\u00e1 demonstrar profici\u00eancia em uma l\u00edngua moderna (ingl\u00eas, alem\u00e3o, espanhol, franc\u00eas, etc.) que servir\u00e1 como l\u00edngua de pesquisa (diferente de sua l\u00edngua materna). Isso ocorrer\u00e1 por meio de prova a ser aplicada pela Escola de P\u00f3s-gradua\u00e7\u00e3o ou por certificado de curso na l\u00edngua escolhida pelo candidato. Neste segundo caso, exige-se o n\u00edvel intermedi\u00e1rio.\u00a0 \u00a0<\/p>\n<p>O aluno cujo t\u00f3pico de disserta\u00e7\u00e3o ser\u00e1 na \u00c1rea Exeg\u00e9tica ter\u00e1 de demonstrar profici\u00eancia em uma das l\u00ednguas b\u00edblicas (conforme seu enfoque). A forma de testar o conhecimento do aluno ser\u00e1 por meio de disciplina na \u00e1rea b\u00edblica, dentro da qual o aluno ser\u00e1 testado em grego ou hebraico. \u00a0<\/p>\n<p>Eventualmente, a Escola de P\u00f3s-gradua\u00e7\u00e3o oferece cursos de atualiza\u00e7\u00e3o em l\u00ednguas (principalmente hebraico e grego), sem contar, no entanto, cr\u00e9ditos para o mestrado.<\/p>\n<p>&nbsp;<\/p>\n<h3>Processo Seletivo e Admiss\u00e3o<\/h3>\n<p><span style=\"font-weight: 400;\">A Escola de P\u00f3s-gradua\u00e7\u00e3o abre processo seletivo para o ingresso no Mestrado Livre do Semin\u00e1rio Conc\u00f3rdia\u00a0 duas vezes ao ano &#8211; no m\u00eas de maio e no m\u00eas de novembro.\u00a0<\/span><\/p>\n<p><span style=\"font-weight: 400;\">O candidato que deseja ingressar no Mestrado Livre ter\u00e1 que atender aos pr\u00e9-requisitos acima e fazer a inscri\u00e7\u00e3o para o processo seletivo, que constar\u00e1 no cumprimento dos itens abaixo<\/span><b>:<\/b><\/p>\n<p>1) Uma carta de recomenda\u00e7\u00e3o para os estudos em n\u00edvel de mestrado de um professor de teologia e um colega pastor;<\/p>\n<p><a role=\"button\" href=\"https:\/\/seminarioconcordia.com.br\/site\/wp-content\/uploads\/2025\/09\/Doc.-1-Modelo-de-carta-de-recomendacao.docx\" target=\"_blank\" rel=\"noopener\"><br \/>PARA BAIXAR O MODELO DE CARTA: CLIQUE AQUI<br \/><\/a><\/p>\n<p>2) Um texto teol\u00f3gico produzido pelo candidato com base na se\u00e7\u00e3o \u201cProleg\u00f4menos\u201d do livro\u00a0<strong>\u201cConfessando o Evangelho, uma abordagem luterana da Teologia Sistem\u00e1tica\u201d<\/strong>\u00a0(2022), v.1, p.37-79; \u2013\u00a0<em>Editora Conc\u00f3rdia. <\/em><\/p>\n<p><a role=\"button\" href=\"https:\/\/www.editoraconcordia.com.br\/confessando-o-evangelho\" target=\"_blank\" rel=\"noopener\"><br \/>ADQUIRA O LIVRO AQUI<br \/><\/a><br \/><a role=\"button\" href=\"https:\/\/seminarioconcordia.com.br\/site\/wp-content\/uploads\/2025\/09\/Doc.-2-Criterios-para-o-texto-teologico-sobre-Prolegomenos.docx\" target=\"_blank\" rel=\"noopener\"><br \/>PARA BAIXAR OS CRIT\u00c9RIOS PARA O TEXTO: CLIQUE AQUI<br \/><\/a><\/p>\n<p>3) Uma breve proposta sobre o tema a ser pesquisado e sua relev\u00e2ncia ao exerc\u00edcio do Minist\u00e9rio Pastoral ou \u00e0 vida da igreja. O desenvolvimento pode ser em tr\u00eas dimens\u00f5es:\u00a0<\/p>\n<ul>\n<li>a) Dimens\u00e3o pessoal (interesse particular);<\/li>\n<li>b) Dimens\u00e3o eclesial (interesse da Igreja)\u00a0<\/li>\n<li>c) Dimens\u00e3o acad\u00eamica (produ\u00e7\u00e3o de material e reflex\u00e3o teol\u00f3gica).<\/li>\n<\/ul>\n<p><a role=\"button\" href=\"https:\/\/seminarioconcordia.com.br\/site\/wp-content\/uploads\/2025\/09\/Doc.-3-Proposta-de-topico-a-ser-pesquisado-inscricao.docx\" target=\"_blank\" rel=\"noopener\"><br \/>PARA BAIXAR AS ORIENTA\u00c7\u00d5ES PARA A PROPOSTA: CLIQUE AQUI<br \/><\/a><\/p>\n<p>\u00a04) Uma entrevista com a coordena\u00e7\u00e3o da Escola de P\u00f3s-gradua\u00e7\u00e3o do Semin\u00e1rio Conc\u00f3rdia (presencial ou na modalidade <em>online<\/em>).<\/p>\n<p>5) Submiss\u00e3o da ficha de inscri\u00e7\u00e3o com a documenta\u00e7\u00e3o solicitada junto \u00e0 ficha.<\/p>\n<p><a role=\"button\" href=\"https:\/\/seminarioconcordia.com.br\/site\/wp-content\/uploads\/2025\/09\/Doc.-4-Ficha-matricula-Mestrado.doc\" target=\"_blank\" rel=\"noopener\"><br \/>PARA BAIXAR A FICHA DE INSCRI\u00c7\u00c3O: CLIQUE AQUI<br \/><\/a><\/p>\n<p>6) Demonstra\u00e7\u00e3o de profici\u00eancia em l\u00edngua moderna (de pesquisa) conforme indicado acima. Para a op\u00e7\u00e3o de realizar a prova aplicada pela P\u00f3s-gradua\u00e7\u00e3o do Semin\u00e1rio, o candidato deve agend\u00e1-la junto \u00e0 secretaria com pelo menos 1 m\u00eas de anteced\u00eancia.<\/p>\n<p><span style=\"font-weight: 400;\">Os per\u00edodos para a submiss\u00e3o de toda a documenta\u00e7\u00e3o e a realiza\u00e7\u00e3o da entrevista (item 4) \u00e9 do dia 01 at\u00e9 o dia 18 de maio (para o primeiro processo seletivo do ano) e do dia 01 at\u00e9 o dia 18 de novembro (para o segundo processo do ano). A prova de l\u00edngua moderna dever\u00e1 ser feita at\u00e9 o dia 25 de maio ou at\u00e9 o dia 25 de novembro (conforme cada processo seletivo). A resposta da P\u00f3s-gradua\u00e7\u00e3o ao candidato ser\u00e1 dada em at\u00e9 15 dias ap\u00f3s todos os requisitos terem sido atendidos.<\/span><\/p>\n<p>&nbsp;<\/p>\n<h3>Aluno Especial<\/h3>\n<p><strong>\u201cAluno especial\u201d<\/strong> \u00e9 um termo atribu\u00eddo a alunos que desejam cursar disciplinas isoladas no programa de Mestrado ou com vistas ao ingresso no programa. Essa nomenclatura \u00e9 caracter\u00edstica dos programas de p\u00f3s-gradua\u00e7\u00e3o. A Escola de P\u00f3s-gradua\u00e7\u00e3o do Semin\u00e1rio Conc\u00f3rdia tamb\u00e9m oferece vagas para essa categoria de \u201caluno especial\u201d.<\/p>\n<p>A participa\u00e7\u00e3o em cursos\/disciplinas como aluno especial \u00e9 destinada \u00e0queles que preenchem os requisitos exigidos para o programa de Mestrado, especialmente o curso de gradua\u00e7\u00e3o, e t\u00eam como objetivo <strong>complementar\u00a0<\/strong>conhecimentos ou se familiarizar com o programa de mestrado.<\/p>\n<p>Cada indiv\u00edduo poder\u00e1 se inscrever livremente em at\u00e9 duas disciplinas como aluno especial. Ap\u00f3s ter cursado as duas disciplinas, o indiv\u00edduo ou poder\u00e1 matricular-se oficialmente no programa de mestrado para dar sequ\u00eancia ao mesmo ou poder\u00e1 continuar inscrevendo-se como aluno especial somente quando houver vagas n\u00e3o preenchidas na disciplina. Neste caso, a prioridade ser\u00e1 dada a alunos j\u00e1 inscritos no programa.<\/p>\n<p>Atrav\u00e9s da matr\u00edcula como aluno especial, o candidato poder\u00e1 cursar disciplinas isoladas no Programa de Mestrado, mas que poder\u00e3o ser aproveitadas, desde que tenham sido cumpridas as exig\u00eancias das disciplinas cursadas, bem como seguidas e preenchidas as exig\u00eancias dos itens relacionados ao ingresso no Mestrado. A condi\u00e7\u00e3o de aluno especial n\u00e3o se configura em v\u00ednculo como aluno regular do Programa de Mestrado do Semin\u00e1rio.<\/p>\n<p>&nbsp;<\/p>\n<h3>Curr\u00edculo por \u00c1reas<\/h3>\n<p><strong>*ATEN\u00c7\u00c3O para a <u>Reestrutura\u00e7\u00e3o Curricular<\/u>!<\/strong><\/p>\n<p>Na estrutura de disciplinas oferecidas no Curso de Mestrado do Semin\u00e1rio Conc\u00f3rdia est\u00e3o previstos\u00a0<strong>24 cr\u00e9ditos<\/strong>\u00a0a serem cursados. Cada candidato dever\u00e1 cursar 6 cr\u00e9ditos de cada \u00e1rea maior, mais a disciplina de Metodologia de Pesquisa, que visa ser preparat\u00f3ria para escrita da disserta\u00e7\u00e3o e que ser\u00e1 ministrada no formato online (Google Meet).<\/p>\n<p>Abaixo, a estrutura das disciplinas a serem ofertadas e as poss\u00edveis fontes para obten\u00e7\u00e3o dos 27 cr\u00e9ditos.<\/p>\n<p><style>\/*! elementor - v3.6.8 - 27-07-2022 *\/<br \/>\n.elementor-accordion{text-align:left}.elementor-accordion .elementor-accordion-item{border:1px solid #d4d4d4}.elementor-accordion .elementor-accordion-item+.elementor-accordion-item{border-top:none}.elementor-accordion .elementor-tab-title{margin:0;padding:15px 20px;font-weight:700;line-height:1;cursor:pointer;outline:none}.elementor-accordion .elementor-tab-title .elementor-accordion-icon{display:inline-block;width:1.5em}.elementor-accordion .elementor-tab-title .elementor-accordion-icon svg{width:1em;height:1em}.elementor-accordion .elementor-tab-title .elementor-accordion-icon.elementor-accordion-icon-right{float:right;text-align:right}.elementor-accordion .elementor-tab-title .elementor-accordion-icon.elementor-accordion-icon-left{float:left;text-align:left}.elementor-accordion .elementor-tab-title .elementor-accordion-icon .elementor-accordion-icon-closed{display:block}.elementor-accordion .elementor-tab-title .elementor-accordion-icon .elementor-accordion-icon-opened,.elementor-accordion .elementor-tab-title.elementor-active .elementor-accordion-icon-closed{display:none}.elementor-accordion .elementor-tab-title.elementor-active .elementor-accordion-icon-opened{display:block}.elementor-accordion .elementor-tab-content{display:none;padding:15px 20px;border-top:1px solid #d4d4d4}@media (max-width:767px){.elementor-accordion .elementor-tab-title{padding:12px 15px}.elementor-accordion .elementor-tab-title .elementor-accordion-icon{width:1.2em}.elementor-accordion .elementor-tab-content{padding:7px 15px}}<\/style><\/p>\n<p><a>Exegese<\/a><\/p>\n<ul>\n<li>Antigo Testamento<\/li>\n<li>Novo Testamento<\/li>\n<\/ul>\n<p><a>Hist\u00f3ria<\/a><\/p>\n<ul>\n<li>Lutero<\/li>\n<li>Reforma<\/li>\n<li>T\u00f3picos de estudos na Hist\u00f3ria da Igreja<\/li>\n<\/ul>\n<p><a>Sistem\u00e1tica<\/a><\/p>\n<ul>\n<li>Confiss\u00f5es Luternas<\/li>\n<li>\u00c9tica<\/li>\n<li>Lit\u00fargica<\/li>\n<li>Teologias Contempor\u00e2neas<\/li>\n<\/ul>\n<p><a>Pr\u00e1tica<\/a><\/p>\n<ul>\n<li>Miss\u00e3o<\/li>\n<li>Aconselhamento Pastoral<\/li>\n<li>Homil\u00e9tica<\/li>\n<li>Educa\u00e7\u00e3o Crist\u00e3<\/li>\n<\/ul>\n<h6 style=\"margin-bottom: 0cm; text-align: center; line-height: 150%;\" align=\"center\"><b>Vis\u00e3o sint\u00e9tica das fontes para obten\u00e7\u00e3o dos 27 cr\u00e9ditos:<\/b><\/h6>\n<p><a>24 cr\u00e9ditos<\/a><\/p>\n<ul>\n<li>Oito disciplinas nas quatro \u00e1reas da Teologia (Duas por \u00e1rea)<\/li>\n<\/ul>\n<p><a>03 cr\u00e9ditos<\/a><\/p>\n<ul>\n<li>Dois cursos de aperfei\u00e7oamento pastoral<\/li>\n<\/ul>\n<p><a>03 cr\u00e9ditos<\/a><\/p>\n<p>Estudo independente (artigo cient\u00edfico)<\/p>\n<p><a>03 cr\u00e9ditos<\/a><\/p>\n<ul>\n<li>Metodologia de Pesquisa: Projeto de Disserta\u00e7\u00e3o<\/li>\n<\/ul>\n<p>*<strong><u>Reestrutura\u00e7\u00e3o Curricular<\/u>:\u00a0<\/strong>Os candidatos que j\u00e1 est\u00e3o no programa poder\u00e3o adaptar a sua situa\u00e7\u00e3o acad\u00eamica a esse novo modelo de cr\u00e9ditos e estrutura curricular. Isso pode ser feito independentemente do n\u00famero de cr\u00e9ditos j\u00e1 cursados em cada \u00e1rea maior da Teologia. Alunos que ingressaram no programa a partir de 2023\/02 precisam atender plenamente ao novo curr\u00edculo. Quando isso n\u00e3o \u00e9 poss\u00edvel devido \u00e0 oferta de disciplinas n\u00e3o contemplar \u00e0 \u00e1rea da teologia que o aluno necessita cursar, o aluno precisar\u00e1 conversar com a coordena\u00e7\u00e3o da P\u00f3s-gradua\u00e7\u00e3o.<\/p>\n<p>&nbsp;<\/p>\n<h3>Procedimentos Durante o Programa<\/h3>\n<p>Antes de o aluno ter cursado 6 disciplinas (18 cr\u00e9ditos), ele precisa fazer o <strong>pedido de orientador<\/strong>.<\/p>\n<p><a role=\"button\" href=\"https:\/\/seminarioconcordia.com.br\/site\/wp-content\/uploads\/2025\/09\/Doc.-5-Formulario-de-pedido-de-orientador.pdf\" target=\"_blank\" rel=\"noopener\"><br \/>PARA BAIXAR O FORMUL\u00c1RIO DE PEDIDO DE ORIENTADOR: CLIQUE AQUI<br \/><\/a><\/p>\n<p>Ap\u00f3s cursar todas as disciplinas, o aluno dever\u00e1 elaborar o <strong>projeto para a banca de qualifica\u00e7\u00e3o<\/strong>.<\/p>\n<p><a role=\"button\" href=\"https:\/\/seminarioconcordia.com.br\/site\/wp-content\/uploads\/2025\/09\/Doc.-6-Banca-e-projeto-de-qualificacao-orientacoes-revisadas.pdf\" target=\"_blank\" rel=\"noopener\"><br \/>PARA BAIXAR AS ORIENTA\u00c7\u00d5ES PARA O PROJETO E BANCA DE QUALIFICA\u00c7\u00c3O: CLIQUE AQUI<br \/><\/a><\/p>\n<p>Quando o projeto para a Banca de Qualifica\u00e7\u00e3o estiver pronto, o aluno precisar\u00e1 submeter <strong>o formul\u00e1rio de pedido de banca de qualifica\u00e7\u00e3o. <\/strong>Este documento \u00e9 assinado pelo orientador, confirmando que o projeto tem sua aprova\u00e7\u00e3o para ser apresentado e defendido diante da banca.<\/p>\n<p><a role=\"button\" href=\"https:\/\/seminarioconcordia.com.br\/site\/wp-content\/uploads\/2025\/09\/Doc.-7-Formulario-de-pedido-de-banca-de-qualificacao.pdf\" target=\"_blank\" rel=\"noopener\"><br \/>PARA BAIXAR O FORMUL\u00c1RIO DE PEDIDO DE BANCA DE QUALIFICA\u00c7\u00c3O: CLIQUE AQUI<br \/><\/a><\/p>\n<p>Mais informa\u00e7\u00f5es:\u00a0<strong>samuelfuhrmann@seminarioconcordia.com.br<\/strong><\/p>\n<p>&nbsp;<\/p>\n<h3>Proje\u00e7\u00e3o de \u00c1reas e Disciplinas do Mestrado em 2026<\/h3>\n<table>\n<tbody>\n<tr>\n<td>\n<p><span style=\"font-weight: 400;\">Per\u00edodo<\/span><\/p>\n<\/td>\n<td>\n<p><span style=\"font-weight: 400;\">Modalidade<\/span><\/p>\n<\/td>\n<td>\n<p><span style=\"font-weight: 400;\">\u00c1rea<\/span><\/p>\n<\/td>\n<td>\n<p><span style=\"font-weight: 400;\">Curso<\/span><\/p>\n<\/td>\n<td>\n<p><span style=\"font-weight: 400;\">Professor\u00a0<\/span><\/p>\n<\/td>\n<\/tr>\n<tr>\n<td>\n<p><span style=\"font-weight: 400;\">Mar-jun\/2026<\/span><\/p>\n<\/td>\n<td>\n<p><span style=\"font-weight: 400;\">On-line<\/span><\/p>\n<\/td>\n<td>\n<p><span style=\"font-weight: 400;\">Sistem\u00e1tica<\/span><\/p>\n<\/td>\n<td>\n<p><span style=\"font-weight: 400;\">A Trindade Santa no Catecismo Maior de Lutero<\/span><\/p>\n<\/td>\n<td>\n<p><span style=\"font-weight: 400;\">Cl\u00f3vis Jair Prunzel<\/span><\/p>\n<\/td>\n<\/tr>\n<tr>\n<td>\n<p><span style=\"font-weight: 400;\">Julho 2026<\/span><\/p>\n<\/td>\n<td>\n<p><span style=\"font-weight: 400;\">Presencial<\/span><\/p>\n<\/td>\n<td>\n<p><span style=\"font-weight: 400;\">Pr\u00e1tica<\/span><\/p>\n<\/td>\n<td>\n<p><span style=\"font-weight: 400;\">Aconselhamento pastoral\u00a0 \u00a0 \u00a0 \u00a0 \u00a0 \u00a0 \u00a0 \u00a0 \u00a0 \u00a0e teologia da cruz<\/span><\/p>\n<\/td>\n<td>\n<p><span style=\"font-weight: 400;\">Leonidio Schulz <\/span><span style=\"font-weight: 400;\">G\u00f6rl<\/span><\/p>\n<p><span style=\"font-weight: 400;\">\u00a0<\/span><\/p>\n<\/td>\n<\/tr>\n<tr>\n<td>\n<p><span style=\"font-weight: 400;\">Julho 2026<\/span><\/p>\n<\/td>\n<td>\n<p><span style=\"font-weight: 400;\">Presencial<\/span><\/p>\n<\/td>\n<td>\n<p><span style=\"font-weight: 400;\">Pr\u00e1tica<\/span><\/p>\n<\/td>\n<td>\n<p><span style=\"font-weight: 400;\">Estudos sobre vida congregacional\u00a0 e revitaliza\u00e7\u00e3o de igreja<\/span><\/p>\n<\/td>\n<td>\n<p><span style=\"font-weight: 400;\">David Peter<\/span><\/p>\n<\/td>\n<\/tr>\n<tr>\n<td>\n<p><span style=\"font-weight: 400;\">Ago-nov\/2026<\/span><\/p>\n<\/td>\n<td>\n<p><span style=\"font-weight: 400;\">On-line<\/span><\/p>\n<\/td>\n<td>\n<p><span style=\"font-weight: 400;\">Interse\u00e7\u00e3o entre\u00a0 \u00a0 <\/span><span style=\"font-weight: 400;\">Pr\u00e1tica &amp; Sistem\u00e1tica<\/span><\/p>\n<\/td>\n<td>\n<p><span style=\"font-weight: 400;\">F\u00e9 e Cultura<\/span><\/p>\n<\/td>\n<td>\n<p><span style=\"font-weight: 400;\">Maximiliano Silva<\/span><\/p>\n<\/td>\n<\/tr>\n<\/tbody>\n<\/table>\n<p>Veja abaixo mais informa\u00e7\u00f5es sobre a primeira disciplina de 2026<\/p>\n<p><b>Tema: A Trindade Santa no Catecismo Maior de Lutero<\/b><\/p>\n<p><b>Estudo b\u00edblico e confessional da doutrina da Trindade com base no Catecismo Maior de Martinho Lutero. A disciplina oferece um aprofundamento na compreens\u00e3o da Trindade de Deus articulada por Lutero atrav\u00e9s das diversas partes do Catecismo Maior como testemunho fiel \u00e0s Escrituras Sagradas e aos S\u00edmbolos da F\u00e9 Crist\u00e3. A aten\u00e7\u00e3o especial ir\u00e1 abordar a distin\u00e7\u00e3o e a unidade das pessoas da Trindade Santa atrav\u00e9s da obra conjunta da cria\u00e7\u00e3o, reden\u00e7\u00e3o e santifica\u00e7\u00e3o.<\/b><\/p>\n<p>&nbsp;<\/p>\n<h3>Ficou com alguma d\u00favida? Entre em contato conosco pelo e-mail:\u00a0<a role=\"button\" href=\"mailto:%20secretaria@seminarioconcordia.com.br?subject=Semin\u00e1rio%20Conc\u00f3rdia\" target=\"_blank\" rel=\"noopener\">CLIQUE AQUI<br \/><\/a><\/h3>\n\n\n<p><\/p>\n","protected":false},"excerpt":{"rendered":"<p>Mestrado Livre &nbsp; Objetivo O programa de\u00a0Mestrado Livre da Escola de P\u00f3s-gradua\u00e7\u00e3o do Semin\u00e1rio Conc\u00f3rdia\u00a0visa propiciar o estudo teol\u00f3gico com \u00eanfase no Minist\u00e9rio Pastoral a bachar\u00e9is e especialistas em Teologia em n\u00edvel de p\u00f3s-gradua\u00e7\u00e3o. Assim, o programa possibilita a forma\u00e7\u00e3o em termos de m\u00e9todo de pesquisa e trabalho, bem como de aprofundamento de conte\u00fado, nas\u00a0quatro [&hellip;]<\/p>\n","protected":false},"author":1,"featured_media":0,"parent":0,"menu_order":0,"comment_status":"closed","ping_status":"closed","template":"","meta":{"footnotes":""},"class_list":["post-45","page","type-page","status-publish","hentry"],"_links":{"self":[{"href":"https:\/\/seminarioconcordia.com.br\/site\/wp-json\/wp\/v2\/pages\/45","targetHints":{"allow":["GET"]}}],"collection":[{"href":"https:\/\/seminarioconcordia.com.br\/site\/wp-json\/wp\/v2\/pages"}],"about":[{"href":"https:\/\/seminarioconcordia.com.br\/site\/wp-json\/wp\/v2\/types\/page"}],"author":[{"embeddable":true,"href":"https:\/\/seminarioconcordia.com.br\/site\/wp-json\/wp\/v2\/users\/1"}],"replies":[{"embeddable":true,"href":"https:\/\/seminarioconcordia.com.br\/site\/wp-json\/wp\/v2\/comments?post=45"}],"version-history":[{"count":409,"href":"https:\/\/seminarioconcordia.com.br\/site\/wp-json\/wp\/v2\/pages\/45\/revisions"}],"predecessor-version":[{"id":5629,"href":"https:\/\/seminarioconcordia.com.br\/site\/wp-json\/wp\/v2\/pages\/45\/revisions\/5629"}],"wp:attachment":[{"href":"https:\/\/seminarioconcordia.com.br\/site\/wp-json\/wp\/v2\/media?parent=45"}],"curies":[{"name":"wp","href":"https:\/\/api.w.org\/{rel}","templated":true}]}}