{"id":25,"date":"2022-01-06T20:27:44","date_gmt":"2022-01-06T22:27:44","guid":{"rendered":"https:\/\/seminarioconcordia.com.br\/site\/?page_id=25"},"modified":"2025-11-20T17:17:07","modified_gmt":"2025-11-20T20:17:07","slug":"curso-preparatorio","status":"publish","type":"page","link":"https:\/\/seminarioconcordia.com.br\/site\/curso-preparatorio\/","title":{"rendered":"Curso Preparat\u00f3rio"},"content":{"rendered":"\t\t<div data-elementor-type=\"wp-page\" data-elementor-id=\"25\" class=\"elementor elementor-25\">\n\t\t\t\t\t\t\t\t\t<section class=\"elementor-section elementor-top-section elementor-element elementor-element-9db01a2 elementor-section-boxed elementor-section-height-default elementor-section-height-default\" data-id=\"9db01a2\" data-element_type=\"section\" data-settings=\"{&quot;background_background&quot;:&quot;classic&quot;}\">\n\t\t\t\t\t\t<div class=\"elementor-container elementor-column-gap-default\">\n\t\t\t\t\t<div class=\"elementor-column elementor-col-100 elementor-top-column elementor-element elementor-element-48cc737 elementor-invisible\" data-id=\"48cc737\" data-element_type=\"column\" data-settings=\"{&quot;animation&quot;:&quot;fadeInUp&quot;}\">\n\t\t\t<div class=\"elementor-widget-wrap elementor-element-populated\">\n\t\t\t\t\t\t\t\t<div class=\"elementor-element elementor-element-fd408e5 elementor-widget elementor-widget-heading\" data-id=\"fd408e5\" data-element_type=\"widget\" data-widget_type=\"heading.default\">\n\t\t\t\t<div class=\"elementor-widget-container\">\n\t\t\t<style>\/*! elementor - v3.6.8 - 27-07-2022 *\/\n.elementor-heading-title{padding:0;margin:0;line-height:1}.elementor-widget-heading .elementor-heading-title[class*=elementor-size-]>a{color:inherit;font-size:inherit;line-height:inherit}.elementor-widget-heading .elementor-heading-title.elementor-size-small{font-size:15px}.elementor-widget-heading .elementor-heading-title.elementor-size-medium{font-size:19px}.elementor-widget-heading .elementor-heading-title.elementor-size-large{font-size:29px}.elementor-widget-heading .elementor-heading-title.elementor-size-xl{font-size:39px}.elementor-widget-heading .elementor-heading-title.elementor-size-xxl{font-size:59px}<\/style><h2 class=\"elementor-heading-title elementor-size-default\">Curso Preparat\u00f3rio 2026<\/h2>\t\t<\/div>\n\t\t\t\t<\/div>\n\t\t\t\t\t<\/div>\n\t\t<\/div>\n\t\t\t\t\t\t\t<\/div>\n\t\t<\/section>\n\t\t\t\t<section class=\"elementor-section elementor-top-section elementor-element elementor-element-9e6e277 elementor-section-content-middle elementor-section-boxed elementor-section-height-default elementor-section-height-default\" data-id=\"9e6e277\" data-element_type=\"section\" data-settings=\"{&quot;background_background&quot;:&quot;classic&quot;,&quot;shape_divider_top&quot;:&quot;opacity-fan&quot;}\">\n\t\t\t\t\t\t\t<div class=\"elementor-background-overlay\"><\/div>\n\t\t\t\t\t\t<div class=\"elementor-shape elementor-shape-top\" data-negative=\"false\">\n\t\t\t<svg xmlns=\"http:\/\/www.w3.org\/2000\/svg\" viewBox=\"0 0 283.5 19.6\" preserveAspectRatio=\"none\">\n\t<path class=\"elementor-shape-fill\" style=\"opacity:0.33\" d=\"M0 0L0 18.8 141.8 4.1 283.5 18.8 283.5 0z\"\/>\n\t<path class=\"elementor-shape-fill\" style=\"opacity:0.33\" d=\"M0 0L0 12.6 141.8 4 283.5 12.6 283.5 0z\"\/>\n\t<path class=\"elementor-shape-fill\" style=\"opacity:0.33\" d=\"M0 0L0 6.4 141.8 4 283.5 6.4 283.5 0z\"\/>\n\t<path class=\"elementor-shape-fill\" d=\"M0 0L0 1.2 141.8 4 283.5 1.2 283.5 0z\"\/>\n<\/svg>\t\t<\/div>\n\t\t\t\t\t<div class=\"elementor-container elementor-column-gap-no\">\n\t\t\t\t\t<div class=\"elementor-column elementor-col-100 elementor-top-column elementor-element elementor-element-183daf1\" data-id=\"183daf1\" data-element_type=\"column\">\n\t\t\t<div class=\"elementor-widget-wrap elementor-element-populated\">\n\t\t\t\t\t\t\t\t<div class=\"elementor-element elementor-element-46061b8 elementor-widget elementor-widget-spacer\" data-id=\"46061b8\" data-element_type=\"widget\" data-widget_type=\"spacer.default\">\n\t\t\t\t<div class=\"elementor-widget-container\">\n\t\t\t<style>\/*! elementor - v3.6.8 - 27-07-2022 *\/\n.e-container.e-container--row .elementor-spacer-inner{width:var(--spacer-size)}.e-container.e-container--column .elementor-spacer-inner,.elementor-column .elementor-spacer-inner{height:var(--spacer-size)}<\/style>\t\t<div class=\"elementor-spacer\">\n\t\t\t<div class=\"elementor-spacer-inner\"><\/div>\n\t\t<\/div>\n\t\t\t\t<\/div>\n\t\t\t\t<\/div>\n\t\t\t\t\t<\/div>\n\t\t<\/div>\n\t\t\t\t\t\t\t<\/div>\n\t\t<\/section>\n\t\t\t\t<section class=\"elementor-section elementor-top-section elementor-element elementor-element-55ceedd elementor-section-boxed elementor-section-height-default elementor-section-height-default\" data-id=\"55ceedd\" data-element_type=\"section\" data-settings=\"{&quot;background_background&quot;:&quot;classic&quot;,&quot;shape_divider_bottom&quot;:&quot;opacity-fan&quot;}\">\n\t\t\t\t\t<div class=\"elementor-shape elementor-shape-bottom\" data-negative=\"false\">\n\t\t\t<svg xmlns=\"http:\/\/www.w3.org\/2000\/svg\" viewBox=\"0 0 283.5 19.6\" preserveAspectRatio=\"none\">\n\t<path class=\"elementor-shape-fill\" style=\"opacity:0.33\" d=\"M0 0L0 18.8 141.8 4.1 283.5 18.8 283.5 0z\"\/>\n\t<path class=\"elementor-shape-fill\" style=\"opacity:0.33\" d=\"M0 0L0 12.6 141.8 4 283.5 12.6 283.5 0z\"\/>\n\t<path class=\"elementor-shape-fill\" style=\"opacity:0.33\" d=\"M0 0L0 6.4 141.8 4 283.5 6.4 283.5 0z\"\/>\n\t<path class=\"elementor-shape-fill\" d=\"M0 0L0 1.2 141.8 4 283.5 1.2 283.5 0z\"\/>\n<\/svg>\t\t<\/div>\n\t\t\t\t\t<div class=\"elementor-container elementor-column-gap-default\">\n\t\t\t\t\t<div class=\"elementor-column elementor-col-50 elementor-top-column elementor-element elementor-element-32e8b41\" data-id=\"32e8b41\" data-element_type=\"column\">\n\t\t\t<div class=\"elementor-widget-wrap elementor-element-populated\">\n\t\t\t\t\t\t\t\t<div class=\"elementor-element elementor-element-835b2bc elementor-view-default elementor-mobile-position-top elementor-vertical-align-top elementor-widget elementor-widget-icon-box\" data-id=\"835b2bc\" data-element_type=\"widget\" data-widget_type=\"icon-box.default\">\n\t\t\t\t<div class=\"elementor-widget-container\">\n\t\t\t<link rel=\"stylesheet\" href=\"https:\/\/seminarioconcordia.com.br\/site\/wp-content\/plugins\/elementor\/assets\/css\/widget-icon-box.min.css\">\t\t<div class=\"elementor-icon-box-wrapper\">\n\t\t\t\t\t\t<div class=\"elementor-icon-box-icon\">\n\t\t\t\t<span class=\"elementor-icon elementor-animation-shrink\" >\n\t\t\t\t<i aria-hidden=\"true\" class=\"fas fa-book-reader\"><\/i>\t\t\t\t<\/span>\n\t\t\t<\/div>\n\t\t\t\t\t\t<div class=\"elementor-icon-box-content\">\n\t\t\t\t<h3 class=\"elementor-icon-box-title\">\n\t\t\t\t\t<span  >\n\t\t\t\t\t\tcurso para ingresso na institui\u00e7\u00e3o\t\t\t\t\t<\/span>\n\t\t\t\t<\/h3>\n\t\t\t\t\t\t\t<\/div>\n\t\t<\/div>\n\t\t\t\t<\/div>\n\t\t\t\t<\/div>\n\t\t\t\t<div class=\"elementor-element elementor-element-5ddf4bd elementor-widget elementor-widget-text-editor\" data-id=\"5ddf4bd\" data-element_type=\"widget\" data-widget_type=\"text-editor.default\">\n\t\t\t\t<div class=\"elementor-widget-container\">\n\t\t\t<style>\/*! elementor - v3.6.8 - 27-07-2022 *\/\n.elementor-widget-text-editor.elementor-drop-cap-view-stacked .elementor-drop-cap{background-color:#818a91;color:#fff}.elementor-widget-text-editor.elementor-drop-cap-view-framed .elementor-drop-cap{color:#818a91;border:3px solid;background-color:transparent}.elementor-widget-text-editor:not(.elementor-drop-cap-view-default) .elementor-drop-cap{margin-top:8px}.elementor-widget-text-editor:not(.elementor-drop-cap-view-default) .elementor-drop-cap-letter{width:1em;height:1em}.elementor-widget-text-editor .elementor-drop-cap{float:left;text-align:center;line-height:1;font-size:50px}.elementor-widget-text-editor .elementor-drop-cap-letter{display:inline-block}<\/style>\t\t\t\t<p>Homens solteiros ou casados que desejarem ingressar no Semin\u00e1rio Conc\u00f3rdia para serem pastores da IELB devem fazer o Curso Preparat\u00f3rio. O curso \u00e9 realizado em sua casa com o material did\u00e1tico fornecido pelo Semin\u00e1rio e sob a orienta\u00e7\u00e3o de seu pastor. No final do ano, os candidatos passar\u00e3o por uma entrevista <em>online <\/em>junto aos professores do Semin\u00e1rio como parte do processo seletivo. Abaixo, seguem o arquivo com a ficha de inscri\u00e7\u00e3o ao processo seletivo 2026 e informa\u00e7\u00f5es sobre o curso:<\/p>\t\t\t\t\t\t<\/div>\n\t\t\t\t<\/div>\n\t\t\t\t\t<\/div>\n\t\t<\/div>\n\t\t\t\t<div class=\"elementor-column elementor-col-50 elementor-top-column elementor-element elementor-element-1888473\" data-id=\"1888473\" data-element_type=\"column\">\n\t\t\t<div class=\"elementor-widget-wrap elementor-element-populated\">\n\t\t\t\t\t\t\t\t<div class=\"elementor-element elementor-element-97194cf elementor-aspect-ratio-43 elementor-widget elementor-widget-video\" data-id=\"97194cf\" data-element_type=\"widget\" data-settings=\"{&quot;youtube_url&quot;:&quot;https:\\\/\\\/www.youtube.com\\\/watch?v=z0dGdtwx1ls&quot;,&quot;aspect_ratio&quot;:&quot;43&quot;,&quot;show_image_overlay&quot;:&quot;yes&quot;,&quot;image_overlay&quot;:{&quot;url&quot;:&quot;https:\\\/\\\/seminarioconcordia.com.br\\\/site\\\/wp-content\\\/uploads\\\/2023\\\/01\\\/Sem-titulo.png&quot;,&quot;id&quot;:3260,&quot;alt&quot;:&quot;&quot;,&quot;source&quot;:&quot;library&quot;},&quot;video_type&quot;:&quot;youtube&quot;,&quot;controls&quot;:&quot;yes&quot;}\" data-widget_type=\"video.default\">\n\t\t\t\t<div class=\"elementor-widget-container\">\n\t\t\t<style>\/*! elementor - v3.6.8 - 27-07-2022 *\/\n.elementor-widget-video .elementor-widget-container{overflow:hidden;-webkit-transform:translateZ(0);transform:translateZ(0)}.elementor-widget-video .elementor-open-inline .elementor-custom-embed-image-overlay{position:absolute;top:0;left:0;width:100%;height:100%;background-size:cover;background-position:50%}.elementor-widget-video .elementor-custom-embed-image-overlay{cursor:pointer;text-align:center}.elementor-widget-video .elementor-custom-embed-image-overlay:hover .elementor-custom-embed-play i{opacity:1}.elementor-widget-video .elementor-custom-embed-image-overlay img{display:block;width:100%}.elementor-widget-video .e-hosted-video .elementor-video{-o-object-fit:cover;object-fit:cover}<\/style>\t\t<div class=\"elementor-wrapper elementor-fit-aspect-ratio elementor-open-inline\">\n\t\t\t<div class=\"elementor-video\"><\/div>\t\t\t\t<div class=\"elementor-custom-embed-image-overlay\" style=\"background-image: url(https:\/\/seminarioconcordia.com.br\/site\/wp-content\/uploads\/2023\/01\/Sem-titulo.png);\">\n\t\t\t\t\t\t\t\t\t\t\t\t\t\t\t\t<div class=\"elementor-custom-embed-play\" role=\"button\" aria-label=\"Reproduzir v\u00eddeo\" tabindex=\"0\">\n\t\t\t\t\t\t\t<i aria-hidden=\"true\" class=\"eicon-play\"><\/i>\t\t\t\t\t\t\t<span class=\"elementor-screen-only\">Reproduzir v\u00eddeo<\/span>\n\t\t\t\t\t\t<\/div>\n\t\t\t\t\t\t\t\t\t<\/div>\n\t\t\t\t\t<\/div>\n\t\t\t\t<\/div>\n\t\t\t\t<\/div>\n\t\t\t\t\t<\/div>\n\t\t<\/div>\n\t\t\t\t\t\t\t<\/div>\n\t\t<\/section>\n\t\t\t\t<section class=\"elementor-section elementor-top-section elementor-element elementor-element-ebc8c7d elementor-section-boxed elementor-section-height-default elementor-section-height-default\" data-id=\"ebc8c7d\" data-element_type=\"section\">\n\t\t\t\t\t\t<div class=\"elementor-container elementor-column-gap-default\">\n\t\t\t\t\t<div class=\"elementor-column elementor-col-100 elementor-top-column elementor-element elementor-element-73cc35a\" data-id=\"73cc35a\" data-element_type=\"column\">\n\t\t\t<div class=\"elementor-widget-wrap elementor-element-populated\">\n\t\t\t\t\t\t\t\t<div class=\"elementor-element elementor-element-505e2b5 elementor-widget elementor-widget-text-editor\" data-id=\"505e2b5\" data-element_type=\"widget\" data-widget_type=\"text-editor.default\">\n\t\t\t\t<div class=\"elementor-widget-container\">\n\t\t\t\t\t\t\t<p><strong><u>Curso Preparat\u00f3rio em 2026 para Ingresso no Semin\u00e1rio em 2027<\/u><\/strong><\/p><p>S\u00e3o pr\u00e9-requisitos para ingresso no Semin\u00e1rio:<\/p><p>\u2013 Ser membro da Igreja Evang\u00e9lica Luterana do Brasil (IELB) h\u00e1 pelo menos 3(tr\u00eas) anos;<\/p><p>\u2013 Ter o ensino m\u00e9dio conclu\u00eddo ou estar cursando o 3\u00ba ano do ensino m\u00e9dio em 2026;<\/p><p>\u2013 Ser aprovado no curso preparat\u00f3rio e nos testes finais do Semin\u00e1rio.<\/p><p>Como funciona o Curso preparat\u00f3rio e o Processo Seletivo:<\/p><p>Ap\u00f3s sua inscri\u00e7\u00e3o, o candidato:<\/p><p>\u2013 Receber\u00e1 uma\u00a0apostila digital, que servir\u00e1 de guia para os estudos ao longo de 2026;<\/p><p>\u2013 Dever\u00e1 adquirir ainda os seguintes livros (poder\u00e3o ser solicitados na Editora Conc\u00f3rdia):<\/p><p>\u00a0\u00a0\u00a0\u00a0\u00a0\u00a0\u00a0\u00a0\u00a0\u00a0\u00a0\u00a0\u00a0\u00a0\u00a0\u00a0\u00a0\u00a0\u00a0\u00a0\u00a0\u00a0\u00a0 \u2013 Hist\u00f3rias B\u00edblicas (\u201cCom Jesus\u201d) \u2013 Otto Goerl;<\/p><p>\u00a0\u00a0\u00a0\u00a0\u00a0\u00a0\u00a0\u00a0\u00a0\u00a0\u00a0\u00a0\u00a0\u00a0\u00a0\u00a0\u00a0\u00a0\u00a0\u00a0\u00a0\u00a0\u00a0 \u2013 A Verdade Salvadora \u2013 Kurt Marquart (dispon\u00edvel em mar\u00e7o de 2026);<\/p><p>\u00a0\u00a0\u00a0\u00a0\u00a0\u00a0\u00a0\u00a0\u00a0\u00a0\u00a0\u00a0\u00a0\u00a0\u00a0\u00a0\u00a0\u00a0\u00a0\u00a0\u00a0\u00a0\u00a0 \u2013 Catecismo Menor (M. Lutero).<\/p><p>\u2013 Far\u00e1 as provas (que ser\u00e3o enviadas ao seu pastor) sobre a apostila digital e os livros indicados;<\/p><p>\u2013 Se reunir\u00e1 com a diretoria distrital para uma entrevista, que dever\u00e1 ocorrer at\u00e9 o m\u00eas de julho de 2026. \u00c9 da responsabilidade do candidato combinar com o conselheiro distrital a data da entrevista.<\/p><p>\u2013 No final do ano de 2026 e em fevereiro de 2027 ser\u00e3o agendadas as \u00faltimas etapas do processo seletivo, que constam de:<\/p><p>\u2013 Prova de conhecimentos b\u00edblicos e doutrin\u00e1rios (mesmo conte\u00fado estudado durante o ano);<\/p><p>\u2013 Entrevista com os professores.<\/p><p>Tendo sido aprovado nesta parte, o candidato passa \u00e0 parte final do processo, realizando (em fevereiro de 2027):<\/p><p>\u2013 O teste psicol\u00f3gico;<\/p><p>\u2013 O Processo Seletivo (vestibular) para a Faculdade Luterana Conc\u00f3rdia.<\/p><p>Para inscrever-se, clique em \u201cFORMUL\u00c1RIO DE INSCRI\u00c7\u00c3O\u201d abaixo:<\/p><p>Preencha o formul\u00e1rio e o envie preenchido e assinado\u00a0(candidato, pastor da congrega\u00e7\u00e3o e conselheiro distrital), junto com o comprovante de dep\u00f3sito do valor da inscri\u00e7\u00e3o para o e-mail:<\/p><p><a href=\"mailto:secretaria@seminarioconcordia.com.br\">secretaria@seminarioconcordia.com.br<\/a><\/p><p>\u2013 O Valor da inscri\u00e7\u00e3o \u00e9 R$ 100,00 (cem reais).<\/p><p>\u2013 Deve ser feito dep\u00f3sito na conta corrente do\u00a0<u>Centro Educacional Conc\u00f3rdia- CNPJ<\/u>:\u00a0<u>92.008.440\/0001-03 \u2013 Ag\u00eancia: 0185-6 do Banco do Brasil; Corrente:\u00a0 4213-7<\/u>\u00a0ou pelo PIX:\u00a0<\/p><ol><li>SE FOR NO BANCO DO BRASIL:<\/li><\/ol><p>Chame a chave PIX.\u00a0Escolha a op\u00e7\u00e3o\u00a0dados banc\u00e1rios:\u00a0\u00a0Ag. 0185-6\u00a0 \u00a0C\/C 4213-<em>7<\/em><\/p><ol><li>SE FOR DE OUTRO BANCO:<\/li><\/ol><p>Chame a chave PIX \u2013 (aleat\u00f3ria):\u00a0\u00a0\u00a069869bb8-2d72-403b-a4cd-78b468963195<\/p><p>ATEN\u00c7\u00c3O:<\/p><p>Prazo para inscri\u00e7\u00f5es: 30 de mar\u00e7o de 2026<\/p><p>A inscri\u00e7\u00e3o ser\u00e1 efetivada ap\u00f3s o recebimento:<\/p><ol><li>Da ficha de inscri\u00e7\u00e3o devidamente preenchida e assinada;<\/li><li>C\u00f3pia de um documento de identidade<\/li><li>C\u00f3pia do comprovante de dep\u00f3sito do valor da inscri\u00e7\u00e3o.<\/li><\/ol>\t\t\t\t\t\t<\/div>\n\t\t\t\t<\/div>\n\t\t\t\t\t<\/div>\n\t\t<\/div>\n\t\t\t\t\t\t\t<\/div>\n\t\t<\/section>\n\t\t\t\t<section class=\"elementor-section elementor-top-section elementor-element elementor-element-6d47fec elementor-section-boxed elementor-section-height-default elementor-section-height-default\" data-id=\"6d47fec\" data-element_type=\"section\">\n\t\t\t\t\t\t<div class=\"elementor-container elementor-column-gap-default\">\n\t\t\t\t\t<div class=\"elementor-column elementor-col-100 elementor-top-column elementor-element elementor-element-aa4f697\" data-id=\"aa4f697\" data-element_type=\"column\">\n\t\t\t<div class=\"elementor-widget-wrap elementor-element-populated\">\n\t\t\t\t\t\t\t\t<div class=\"elementor-element elementor-element-45bd9b2 elementor-align-center elementor-widget elementor-widget-button\" data-id=\"45bd9b2\" data-element_type=\"widget\" data-widget_type=\"button.default\">\n\t\t\t\t<div class=\"elementor-widget-container\">\n\t\t\t\t\t<div class=\"elementor-button-wrapper\">\n\t\t\t<a href=\"https:\/\/drive.google.com\/file\/d\/1pCCpG1fLjmX_OurWgBxGwEnLYonkBPlB\/view?usp=sharing\" target=\"_blank\" class=\"elementor-button-link elementor-button elementor-size-xl\" role=\"button\">\n\t\t\t\t\t\t<span class=\"elementor-button-content-wrapper\">\n\t\t\t\t\t\t<span class=\"elementor-button-text\">FORMUL\u00c1RIO DE INSCRI\u00c7\u00c3O<\/span>\n\t\t<\/span>\n\t\t\t\t\t<\/a>\n\t\t<\/div>\n\t\t\t\t<\/div>\n\t\t\t\t<\/div>\n\t\t\t\t\t<\/div>\n\t\t<\/div>\n\t\t\t\t\t\t\t<\/div>\n\t\t<\/section>\n\t\t\t\t<section class=\"elementor-section elementor-top-section elementor-element elementor-element-7cceee7 elementor-section-boxed elementor-section-height-default elementor-section-height-default\" data-id=\"7cceee7\" data-element_type=\"section\" data-settings=\"{&quot;background_background&quot;:&quot;classic&quot;}\">\n\t\t\t\t\t\t<div class=\"elementor-container elementor-column-gap-default\">\n\t\t\t\t\t<div class=\"elementor-column elementor-col-50 elementor-top-column elementor-element elementor-element-58e67b3\" data-id=\"58e67b3\" data-element_type=\"column\">\n\t\t\t<div class=\"elementor-widget-wrap elementor-element-populated\">\n\t\t\t\t\t\t\t\t<div class=\"elementor-element elementor-element-15b5f66 elementor-widget elementor-widget-heading\" data-id=\"15b5f66\" data-element_type=\"widget\" data-widget_type=\"heading.default\">\n\t\t\t\t<div class=\"elementor-widget-container\">\n\t\t\t<h2 class=\"elementor-heading-title elementor-size-default\">Ficou com alguma d\u00favida? Entre em contato conosco pelo e-mail:<\/h2>\t\t<\/div>\n\t\t\t\t<\/div>\n\t\t\t\t\t<\/div>\n\t\t<\/div>\n\t\t\t\t<div class=\"elementor-column elementor-col-50 elementor-top-column elementor-element elementor-element-b22eb9f\" data-id=\"b22eb9f\" data-element_type=\"column\">\n\t\t\t<div class=\"elementor-widget-wrap elementor-element-populated\">\n\t\t\t\t\t\t\t\t<div class=\"elementor-element elementor-element-0ad8b75 elementor-align-center elementor-widget elementor-widget-button\" data-id=\"0ad8b75\" data-element_type=\"widget\" data-widget_type=\"button.default\">\n\t\t\t\t<div class=\"elementor-widget-container\">\n\t\t\t\t\t<div class=\"elementor-button-wrapper\">\n\t\t\t<a href=\"mailto:%20secretaria@seminarioconcordia.com.br?subject=Semin\u00e1rio%20Conc\u00f3rdia\" target=\"_blank\" class=\"elementor-button-link elementor-button elementor-size-sm\" role=\"button\">\n\t\t\t\t\t\t<span class=\"elementor-button-content-wrapper\">\n\t\t\t\t\t\t<span class=\"elementor-button-text\">CLIQUE AQUI<\/span>\n\t\t<\/span>\n\t\t\t\t\t<\/a>\n\t\t<\/div>\n\t\t\t\t<\/div>\n\t\t\t\t<\/div>\n\t\t\t\t\t<\/div>\n\t\t<\/div>\n\t\t\t\t\t\t\t<\/div>\n\t\t<\/section>\n\t\t\t\t\t\t\t<\/div>\n\t\t","protected":false},"excerpt":{"rendered":"<p>Curso Preparat\u00f3rio 2026 curso para ingresso na institui\u00e7\u00e3o Homens solteiros ou casados que desejarem ingressar no Semin\u00e1rio Conc\u00f3rdia para serem pastores da IELB devem fazer o Curso Preparat\u00f3rio. O curso \u00e9 realizado em sua casa com o material did\u00e1tico fornecido pelo Semin\u00e1rio e sob a orienta\u00e7\u00e3o de seu pastor. No final do ano, os candidatos [&hellip;]<\/p>\n","protected":false},"author":1,"featured_media":0,"parent":0,"menu_order":0,"comment_status":"closed","ping_status":"closed","template":"","meta":{"footnotes":""},"class_list":["post-25","page","type-page","status-publish","hentry"],"_links":{"self":[{"href":"https:\/\/seminarioconcordia.com.br\/site\/wp-json\/wp\/v2\/pages\/25","targetHints":{"allow":["GET"]}}],"collection":[{"href":"https:\/\/seminarioconcordia.com.br\/site\/wp-json\/wp\/v2\/pages"}],"about":[{"href":"https:\/\/seminarioconcordia.com.br\/site\/wp-json\/wp\/v2\/types\/page"}],"author":[{"embeddable":true,"href":"https:\/\/seminarioconcordia.com.br\/site\/wp-json\/wp\/v2\/users\/1"}],"replies":[{"embeddable":true,"href":"https:\/\/seminarioconcordia.com.br\/site\/wp-json\/wp\/v2\/comments?post=25"}],"version-history":[{"count":131,"href":"https:\/\/seminarioconcordia.com.br\/site\/wp-json\/wp\/v2\/pages\/25\/revisions"}],"predecessor-version":[{"id":5604,"href":"https:\/\/seminarioconcordia.com.br\/site\/wp-json\/wp\/v2\/pages\/25\/revisions\/5604"}],"wp:attachment":[{"href":"https:\/\/seminarioconcordia.com.br\/site\/wp-json\/wp\/v2\/media?parent=25"}],"curies":[{"name":"wp","href":"https:\/\/api.w.org\/{rel}","templated":true}]}}