{"id":19,"date":"2022-01-06T20:16:35","date_gmt":"2022-01-06T22:16:35","guid":{"rendered":"https:\/\/seminarioconcordia.com.br\/site\/?page_id=19"},"modified":"2022-03-22T03:27:34","modified_gmt":"2022-03-22T06:27:34","slug":"historia-e-hino","status":"publish","type":"page","link":"https:\/\/seminarioconcordia.com.br\/site\/historia-e-hino\/","title":{"rendered":"Hist\u00f3ria e Hino"},"content":{"rendered":"\t\t<div data-elementor-type=\"wp-page\" data-elementor-id=\"19\" class=\"elementor elementor-19\">\n\t\t\t\t\t\t\t\t\t<section class=\"elementor-section elementor-top-section elementor-element elementor-element-e3d2d79 elementor-section-boxed elementor-section-height-default elementor-section-height-default\" data-id=\"e3d2d79\" data-element_type=\"section\" data-settings=\"{&quot;background_background&quot;:&quot;classic&quot;}\">\n\t\t\t\t\t\t<div class=\"elementor-container elementor-column-gap-default\">\n\t\t\t\t\t<div class=\"elementor-column elementor-col-100 elementor-top-column elementor-element elementor-element-bfc2c0f elementor-invisible\" data-id=\"bfc2c0f\" data-element_type=\"column\" data-settings=\"{&quot;animation&quot;:&quot;fadeInDown&quot;}\">\n\t\t\t<div class=\"elementor-widget-wrap elementor-element-populated\">\n\t\t\t\t\t\t\t\t<div class=\"elementor-element elementor-element-7a1d2a4 elementor-widget elementor-widget-heading\" data-id=\"7a1d2a4\" data-element_type=\"widget\" data-widget_type=\"heading.default\">\n\t\t\t\t<div class=\"elementor-widget-container\">\n\t\t\t<style>\/*! elementor - v3.6.8 - 27-07-2022 *\/\n.elementor-heading-title{padding:0;margin:0;line-height:1}.elementor-widget-heading .elementor-heading-title[class*=elementor-size-]>a{color:inherit;font-size:inherit;line-height:inherit}.elementor-widget-heading .elementor-heading-title.elementor-size-small{font-size:15px}.elementor-widget-heading .elementor-heading-title.elementor-size-medium{font-size:19px}.elementor-widget-heading .elementor-heading-title.elementor-size-large{font-size:29px}.elementor-widget-heading .elementor-heading-title.elementor-size-xl{font-size:39px}.elementor-widget-heading .elementor-heading-title.elementor-size-xxl{font-size:59px}<\/style><h2 class=\"elementor-heading-title elementor-size-default\">hist\u00f3ria e hino<\/h2>\t\t<\/div>\n\t\t\t\t<\/div>\n\t\t\t\t\t<\/div>\n\t\t<\/div>\n\t\t\t\t\t\t\t<\/div>\n\t\t<\/section>\n\t\t\t\t<section class=\"elementor-section elementor-top-section elementor-element elementor-element-485eea5 elementor-section-full_width elementor-section-height-default elementor-section-height-default\" data-id=\"485eea5\" data-element_type=\"section\">\n\t\t\t\t\t\t<div class=\"elementor-container elementor-column-gap-no\">\n\t\t\t\t\t<div class=\"elementor-column elementor-col-100 elementor-top-column elementor-element elementor-element-7894665\" data-id=\"7894665\" data-element_type=\"column\">\n\t\t\t<div class=\"elementor-widget-wrap elementor-element-populated\">\n\t\t\t\t\t\t\t\t<div class=\"elementor-element elementor-element-33ee920 elementor-widget elementor-widget-image\" data-id=\"33ee920\" data-element_type=\"widget\" data-settings=\"{&quot;motion_fx_motion_fx_scrolling&quot;:&quot;yes&quot;,&quot;motion_fx_scale_effect&quot;:&quot;yes&quot;,&quot;motion_fx_scale_speed&quot;:{&quot;unit&quot;:&quot;px&quot;,&quot;size&quot;:2,&quot;sizes&quot;:[]},&quot;motion_fx_scale_direction&quot;:&quot;out-in&quot;,&quot;motion_fx_scale_range&quot;:{&quot;unit&quot;:&quot;%&quot;,&quot;size&quot;:&quot;&quot;,&quot;sizes&quot;:{&quot;start&quot;:20,&quot;end&quot;:80}},&quot;motion_fx_devices&quot;:[&quot;desktop&quot;,&quot;tablet&quot;,&quot;mobile&quot;]}\" data-widget_type=\"image.default\">\n\t\t\t\t<div class=\"elementor-widget-container\">\n\t\t\t<style>\/*! elementor - v3.6.8 - 27-07-2022 *\/\n.elementor-widget-image{text-align:center}.elementor-widget-image a{display:inline-block}.elementor-widget-image a img[src$=\".svg\"]{width:48px}.elementor-widget-image img{vertical-align:middle;display:inline-block}<\/style>\t\t\t\t\t\t\t\t\t\t\t\t<img loading=\"lazy\" decoding=\"async\" width=\"800\" height=\"456\" src=\"https:\/\/seminarioconcordia.com.br\/site\/wp-content\/uploads\/2022\/01\/producao-seminario.jpg\" class=\"attachment-large size-large\" alt=\"\" srcset=\"https:\/\/seminarioconcordia.com.br\/site\/wp-content\/uploads\/2022\/01\/producao-seminario.jpg 1000w, https:\/\/seminarioconcordia.com.br\/site\/wp-content\/uploads\/2022\/01\/producao-seminario-300x171.jpg 300w, https:\/\/seminarioconcordia.com.br\/site\/wp-content\/uploads\/2022\/01\/producao-seminario-150x86.jpg 150w, https:\/\/seminarioconcordia.com.br\/site\/wp-content\/uploads\/2022\/01\/producao-seminario-768x438.jpg 768w\" sizes=\"auto, (max-width: 800px) 100vw, 800px\" \/>\t\t\t\t\t\t\t\t\t\t\t\t\t\t\t<\/div>\n\t\t\t\t<\/div>\n\t\t\t\t\t<\/div>\n\t\t<\/div>\n\t\t\t\t\t\t\t<\/div>\n\t\t<\/section>\n\t\t\t\t<section class=\"elementor-section elementor-top-section elementor-element elementor-element-892ae62 elementor-section-boxed elementor-section-height-default elementor-section-height-default\" data-id=\"892ae62\" data-element_type=\"section\" data-settings=\"{&quot;background_background&quot;:&quot;classic&quot;,&quot;shape_divider_bottom&quot;:&quot;opacity-tilt&quot;}\">\n\t\t\t\t\t<div class=\"elementor-shape elementor-shape-bottom\" data-negative=\"false\">\n\t\t\t<svg xmlns=\"http:\/\/www.w3.org\/2000\/svg\" viewBox=\"0 0 2600 131.1\" preserveAspectRatio=\"none\">\n\t<path class=\"elementor-shape-fill\" d=\"M0 0L2600 0 2600 69.1 0 0z\"\/>\n\t<path class=\"elementor-shape-fill\" style=\"opacity:0.5\" d=\"M0 0L2600 0 2600 69.1 0 69.1z\"\/>\n\t<path class=\"elementor-shape-fill\" style=\"opacity:0.25\" d=\"M2600 0L0 0 0 130.1 2600 69.1z\"\/>\n<\/svg>\t\t<\/div>\n\t\t\t\t\t<div class=\"elementor-container elementor-column-gap-default\">\n\t\t\t\t\t<div class=\"elementor-column elementor-col-50 elementor-top-column elementor-element elementor-element-6b9bf2a\" data-id=\"6b9bf2a\" data-element_type=\"column\">\n\t\t\t<div class=\"elementor-widget-wrap elementor-element-populated\">\n\t\t\t\t\t\t\t\t<div class=\"elementor-element elementor-element-275b9f8 elementor-view-default elementor-mobile-position-top elementor-vertical-align-top elementor-widget elementor-widget-icon-box\" data-id=\"275b9f8\" data-element_type=\"widget\" data-widget_type=\"icon-box.default\">\n\t\t\t\t<div class=\"elementor-widget-container\">\n\t\t\t<link rel=\"stylesheet\" href=\"https:\/\/seminarioconcordia.com.br\/site\/wp-content\/plugins\/elementor\/assets\/css\/widget-icon-box.min.css\">\t\t<div class=\"elementor-icon-box-wrapper\">\n\t\t\t\t\t\t<div class=\"elementor-icon-box-icon\">\n\t\t\t\t<span class=\"elementor-icon elementor-animation-shrink\" >\n\t\t\t\t<i aria-hidden=\"true\" class=\"far fa-building\"><\/i>\t\t\t\t<\/span>\n\t\t\t<\/div>\n\t\t\t\t\t\t<div class=\"elementor-icon-box-content\">\n\t\t\t\t<h3 class=\"elementor-icon-box-title\">\n\t\t\t\t\t<span  >\n\t\t\t\t\t\tHIST\u00d3RIA\t\t\t\t\t<\/span>\n\t\t\t\t<\/h3>\n\t\t\t\t\t\t\t<\/div>\n\t\t<\/div>\n\t\t\t\t<\/div>\n\t\t\t\t<\/div>\n\t\t\t\t<div class=\"elementor-element elementor-element-6531d45 elementor-widget elementor-widget-text-editor\" data-id=\"6531d45\" data-element_type=\"widget\" data-widget_type=\"text-editor.default\">\n\t\t\t\t<div class=\"elementor-widget-container\">\n\t\t\t<style>\/*! elementor - v3.6.8 - 27-07-2022 *\/\n.elementor-widget-text-editor.elementor-drop-cap-view-stacked .elementor-drop-cap{background-color:#818a91;color:#fff}.elementor-widget-text-editor.elementor-drop-cap-view-framed .elementor-drop-cap{color:#818a91;border:3px solid;background-color:transparent}.elementor-widget-text-editor:not(.elementor-drop-cap-view-default) .elementor-drop-cap{margin-top:8px}.elementor-widget-text-editor:not(.elementor-drop-cap-view-default) .elementor-drop-cap-letter{width:1em;height:1em}.elementor-widget-text-editor .elementor-drop-cap{float:left;text-align:center;line-height:1;font-size:50px}.elementor-widget-text-editor .elementor-drop-cap-letter{display:inline-block}<\/style>\t\t\t\t<p>A hist\u00f3ria do Semin\u00e1rio Conc\u00f3rdia est\u00e1 diretamente ligada \u00e0 hist\u00f3ria da Igreja Evang\u00e9lica Luterana do Brasil (IELB). Em 1903, antes da funda\u00e7\u00e3o oficial da IELB (24.06.1904), j\u00e1 funcionava o Semin\u00e1rio Conc\u00f3rdia.<\/p><p>O Semin\u00e1rio foi planejado numa confer\u00eancia pastoral realizada em abril de 1903, na localidade de Bom Jesus, munic\u00edpio de S\u00e3o Louren\u00e7o do Sul, RS. As aulas tiveram seu in\u00edcio no dia 27 de outubro de 1903, lembrado hoje como &#8220;Dia do Semin\u00e1rio&#8221;. Tudo que havia era a igreja local, a casa pastoral e um r\u00fastico galp\u00e3o. Os alunos eram, no princ\u00edpio, tr\u00eas, depois cinco. O diretor e \u00fanico professor era o Rev. John Hartmeister, pastor mission\u00e1rio do S\u00ednodo de Missouri, EUA.<\/p><p>Depois de um ano e cinco meses de funcionamento, a escola fechou as portas, pois o Rev. Hartmeister regressou aos Estados Unidos. Em 1905, por ocasi\u00e3o da segunda Conven\u00e7\u00e3o da Igreja, em Jaguari, RS, decidiu-se reabrir a escola, em Porto Alegre. A decis\u00e3o de Jaguari veio a ser realidade no dia 1\u00ba de maio de 1907. Dez alunos se apresentaram para as aulas. Dois eram os professores: o Rev. Wilhelm Mahler e o professor E. Wegehaupt. A escola funcionava em duas casas alugadas. Em 1908 a escola recebeu o nome de Semin\u00e1rio Conc\u00f3rdia.<\/p><p>Em 1912, foi transferido para um pr\u00e9dio novo, de propriedade da Igreja, constru\u00eddo em terreno onde hoje se encontra o Col\u00e9gio Conc\u00f3rdia de Porto Alegre. Os primeiros pastores se formaram em 1915. Em 1921, o Semin\u00e1rio Conc\u00f3rdia mudou-se para o hoje bairro Mont&#8217; Serrat, em Porto Alegre, onde ficou at\u00e9 ser transferido, em 1984, para S\u00e3o Leopoldo.<\/p><p>Em 30 de dezembro de 1994, com a assinatura do Conv\u00eanio de M\u00fatua Coopera\u00e7\u00e3o (IELB-ULBRA) &#8211; Aditivo Terceiro: Educa\u00e7\u00e3o Teol\u00f3gica, o Semin\u00e1rio Conc\u00f3rdia entrou em nova fase de sua exist\u00eancia. Os professores passaram a atuar no Semin\u00e1rio Conc\u00f3rdia e no curso de Licenciatura em Educa\u00e7\u00e3o Crist\u00e3 da ULBRA, e os alunos cursaram ao mesmo tempo a Licenciatura da ULBRA e o Bacharelado do Semin\u00e1rio Conc\u00f3rdia. Com a adequa\u00e7\u00e3o havida neste conv\u00eanio em novembro de 2000, alterou-se a nomenclatura para Bacharelado na ULBRA e Especializa\u00e7\u00e3o em Teologia e Habilita\u00e7\u00e3o para o Minist\u00e9rio Pastoral no Semin\u00e1rio Conc\u00f3rdia. Em outubro de 2002, o Conselho Diretor da IELB decidiu unificar a Escola Superior de Teologia de S\u00e3o Paulo com o Semin\u00e1rio Conc\u00f3rdia em S\u00e3o Leopoldo, RS.<\/p><p>O Semin\u00e1rio Conc\u00f3rdia \u00e9 um dos membros fundadores da ASTE (Associa\u00e7\u00e3o de Semin\u00e1rios Teol\u00f3gicos Evang\u00e9licos). Desde 1971 a ASTE reconhece o curso gradua\u00e7\u00e3o do Semin\u00e1rio e, a partir de 1990, o seu curso de Mestrado.<\/p><p>Como escola oficial da IELB, o Semin\u00e1rio Conc\u00f3rdia j\u00e1 formou centenas de pastores que t\u00eam atuado e atuam em cerca de 1900 congrega\u00e7\u00f5es e pontos de miss\u00e3o no Brasil e no exterior (Chile, Paraguai, Argentina, Uruguai, Estados Unidos, Alemanha, Venezuela, B\u00e9lgica, Canad\u00e1, Portugal, Guatemala, \u00c1frica do Sul, Inglaterra, Panam\u00e1 e Rep\u00fablica Dominicana).<\/p>\t\t\t\t\t\t<\/div>\n\t\t\t\t<\/div>\n\t\t\t\t<div class=\"elementor-element elementor-element-5ef1483 elementor-view-default elementor-mobile-position-top elementor-vertical-align-top elementor-widget elementor-widget-icon-box\" data-id=\"5ef1483\" data-element_type=\"widget\" data-widget_type=\"icon-box.default\">\n\t\t\t\t<div class=\"elementor-widget-container\">\n\t\t\t\t\t<div class=\"elementor-icon-box-wrapper\">\n\t\t\t\t\t\t<div class=\"elementor-icon-box-icon\">\n\t\t\t\t<span class=\"elementor-icon elementor-animation-shrink\" >\n\t\t\t\t<i aria-hidden=\"true\" class=\"far fa-check-square\"><\/i>\t\t\t\t<\/span>\n\t\t\t<\/div>\n\t\t\t\t\t\t<div class=\"elementor-icon-box-content\">\n\t\t\t\t<h3 class=\"elementor-icon-box-title\">\n\t\t\t\t\t<span  >\n\t\t\t\t\t\tobjetivo\t\t\t\t\t<\/span>\n\t\t\t\t<\/h3>\n\t\t\t\t\t\t\t<\/div>\n\t\t<\/div>\n\t\t\t\t<\/div>\n\t\t\t\t<\/div>\n\t\t\t\t<div class=\"elementor-element elementor-element-3f39b20 elementor-widget elementor-widget-text-editor\" data-id=\"3f39b20\" data-element_type=\"widget\" data-widget_type=\"text-editor.default\">\n\t\t\t\t<div class=\"elementor-widget-container\">\n\t\t\t\t\t\t\t<p>O Semin\u00e1rio Conc\u00f3rdia \u00e9 uma Faculdade de Teologia da Igreja Evang\u00e9lica Luterana do Brasil (IELB) com o objetivo de formar homens de Deus para o exerc\u00edcio do minist\u00e9rio p\u00fablico da Palavra de Deus. A conclus\u00e3o do curso de Especializa\u00e7\u00e3o em teologia n\u00e3o implica recomenda\u00e7\u00e3o autom\u00e1tica ao minist\u00e9rio da Igreja Luterana. Os formandos recomendados para o exerc\u00edcio do minist\u00e9rio pastoral recebem um Diploma que os declara habilitados a receber um chamado para servir como pastores, mission\u00e1rios ou capel\u00e3es na Igreja.<\/p>\t\t\t\t\t\t<\/div>\n\t\t\t\t<\/div>\n\t\t\t\t\t<\/div>\n\t\t<\/div>\n\t\t\t\t<div class=\"elementor-column elementor-col-50 elementor-top-column elementor-element elementor-element-6ac9eef\" data-id=\"6ac9eef\" data-element_type=\"column\">\n\t\t\t<div class=\"elementor-widget-wrap elementor-element-populated\">\n\t\t\t\t\t\t\t\t<div class=\"elementor-element elementor-element-97ab787 elementor-view-default elementor-mobile-position-top elementor-vertical-align-top elementor-widget elementor-widget-icon-box\" data-id=\"97ab787\" data-element_type=\"widget\" data-widget_type=\"icon-box.default\">\n\t\t\t\t<div class=\"elementor-widget-container\">\n\t\t\t\t\t<div class=\"elementor-icon-box-wrapper\">\n\t\t\t\t\t\t<div class=\"elementor-icon-box-icon\">\n\t\t\t\t<span class=\"elementor-icon elementor-animation-shrink\" >\n\t\t\t\t<i aria-hidden=\"true\" class=\"fas fa-user\"><\/i>\t\t\t\t<\/span>\n\t\t\t<\/div>\n\t\t\t\t\t\t<div class=\"elementor-icon-box-content\">\n\t\t\t\t<h3 class=\"elementor-icon-box-title\">\n\t\t\t\t\t<span  >\n\t\t\t\t\t\tPerfil do candidato ao Minist\u00e9rio\t\t\t\t\t<\/span>\n\t\t\t\t<\/h3>\n\t\t\t\t\t\t\t<\/div>\n\t\t<\/div>\n\t\t\t\t<\/div>\n\t\t\t\t<\/div>\n\t\t\t\t<div class=\"elementor-element elementor-element-5cad174 elementor-widget elementor-widget-text-editor\" data-id=\"5cad174\" data-element_type=\"widget\" data-widget_type=\"text-editor.default\">\n\t\t\t\t<div class=\"elementor-widget-container\">\n\t\t\t\t\t\t\t<p>A Faculdade de Teologia espera do candidato ao minist\u00e9rio que:<\/p><ul><li>Revele os dons que o Esp\u00edrito Santo lhe concedeu, manejando bem a Palavra da Verdade e buscando crescer na f\u00e9 e no conhecimento, para a divulga\u00e7\u00e3o do Evangelho de Cristo;<\/li><\/ul><p>\u00a0<\/p><ul><li>Aceite as Sagradas Escrituras do Antigo e Novo Testamentos como a Palavra de Deus e a \u00fanica norma de f\u00e9 e de vida, e que igualmente subscreva os livros simb\u00f3licos da Igreja Luterana reunidos no Livro de Conc\u00f3rdia de 1580 como afirma\u00e7\u00e3o e exposi\u00e7\u00e3o correta da Palavra de Deus;<\/li><\/ul><p>\u00a0<\/p><ul><li>Manifeste apre\u00e7o pela teologia b\u00edblica, interpretando a B\u00edblia a partir das l\u00ednguas originais e conforme sadios princ\u00edpios hermen\u00eauticos;<\/li><\/ul><p>\u00a0<\/p><ul><li>Compreenda e valorize a doutrina escritur\u00edstica e demonstre habilidade em expor essa doutrina de maneira clara;<\/li><\/ul><p>\u00a0<\/p><ul><li>Entenda o governo de Deus na hist\u00f3ria da igreja e saiba transmitir esta verdade aos fi\u00e9is;<\/li><\/ul><p>\u00a0<\/p><ul><li>Encare o of\u00edcio pastoral como o minist\u00e9rio que proclama a Palavra de Deus ao homem pecador, atrav\u00e9s da prega\u00e7\u00e3o, do culto, do ensino, do aconselhamento pastoral e de outros meios condignos;<\/li><\/ul><p>\u00a0<\/p><ul><li>Esteja pronto a aceitar um chamado pastoral, que eventualmente lhe ser\u00e1 encaminhado pela congrega\u00e7\u00e3o de professores e IELB.<\/li><\/ul>\t\t\t\t\t\t<\/div>\n\t\t\t\t<\/div>\n\t\t\t\t<div class=\"elementor-element elementor-element-a1b62c6 elementor-view-default elementor-mobile-position-top elementor-vertical-align-top elementor-widget elementor-widget-icon-box\" data-id=\"a1b62c6\" data-element_type=\"widget\" data-widget_type=\"icon-box.default\">\n\t\t\t\t<div class=\"elementor-widget-container\">\n\t\t\t\t\t<div class=\"elementor-icon-box-wrapper\">\n\t\t\t\t\t\t<div class=\"elementor-icon-box-icon\">\n\t\t\t\t<span class=\"elementor-icon elementor-animation-shrink\" >\n\t\t\t\t<i aria-hidden=\"true\" class=\"fas fa-music\"><\/i>\t\t\t\t<\/span>\n\t\t\t<\/div>\n\t\t\t\t\t\t<div class=\"elementor-icon-box-content\">\n\t\t\t\t<h3 class=\"elementor-icon-box-title\">\n\t\t\t\t\t<span  >\n\t\t\t\t\t\thino do semin\u00e1rio\t\t\t\t\t<\/span>\n\t\t\t\t<\/h3>\n\t\t\t\t\t\t\t<\/div>\n\t\t<\/div>\n\t\t\t\t<\/div>\n\t\t\t\t<\/div>\n\t\t\t\t<div class=\"elementor-element elementor-element-0af5558 elementor-widget elementor-widget-text-editor\" data-id=\"0af5558\" data-element_type=\"widget\" data-widget_type=\"text-editor.default\">\n\t\t\t\t<div class=\"elementor-widget-container\">\n\t\t\t\t\t\t\t<p><em>Semin\u00e1rio Conc\u00f3rdia! Salve! Salve<\/em><\/p><p><em>O teu nome \u00e9 o nosso pavilh\u00e3o.<\/em><\/p><p><em>Teu passado glorioso nos inspira<\/em><\/p><p><em>Nos estudos e em nossa forma\u00e7\u00e3o.<\/em><\/p><p><em>Dos teus mestres o exemplo e a probidade<\/em><\/p><p><em>S\u00e3o na vida em teu meio a nossa luz.<\/em><\/p><p><em>Seu ensino da celestial verdade<\/em><\/p><p><em>Nos converte em obreiros de Jesus.<\/em><\/p><p><em>Semin\u00e1rio Conc\u00f3rdia! \u00d3 baluarte<\/em><\/p><p><em>Da verdade que haurimos com ardor<\/em><\/p><p><em>Para um dia levar a toda parte<\/em><\/p><p><em>A mensagem do Cristo Redentor!<\/em><\/p><p><em>Semin\u00e1rio Conc\u00f3rdia!<\/em><\/p><p><em>Conc\u00f3rdia!<\/em><\/p><p><strong>Autor: Martinho Luthero Hasse, 1953.<\/strong><\/p>\t\t\t\t\t\t<\/div>\n\t\t\t\t<\/div>\n\t\t\t\t\t<\/div>\n\t\t<\/div>\n\t\t\t\t\t\t\t<\/div>\n\t\t<\/section>\n\t\t\t\t<section class=\"elementor-section elementor-top-section elementor-element elementor-element-2369628 elementor-section-boxed elementor-section-height-default elementor-section-height-default\" data-id=\"2369628\" data-element_type=\"section\" data-settings=\"{&quot;background_background&quot;:&quot;classic&quot;}\">\n\t\t\t\t\t\t<div class=\"elementor-container elementor-column-gap-default\">\n\t\t\t\t\t<div class=\"elementor-column elementor-col-50 elementor-top-column elementor-element elementor-element-b510ded\" data-id=\"b510ded\" data-element_type=\"column\">\n\t\t\t<div class=\"elementor-widget-wrap elementor-element-populated\">\n\t\t\t\t\t\t\t\t<div class=\"elementor-element elementor-element-649543e elementor-widget elementor-widget-heading\" data-id=\"649543e\" data-element_type=\"widget\" data-widget_type=\"heading.default\">\n\t\t\t\t<div class=\"elementor-widget-container\">\n\t\t\t<h2 class=\"elementor-heading-title elementor-size-default\">Fa\u00e7a-nos uma visita! Entre em contato conosco pelo telefone:<\/h2>\t\t<\/div>\n\t\t\t\t<\/div>\n\t\t\t\t\t<\/div>\n\t\t<\/div>\n\t\t\t\t<div class=\"elementor-column elementor-col-50 elementor-top-column elementor-element elementor-element-41c06d2\" data-id=\"41c06d2\" data-element_type=\"column\">\n\t\t\t<div class=\"elementor-widget-wrap elementor-element-populated\">\n\t\t\t\t\t\t\t\t<div class=\"elementor-element elementor-element-0efa025 elementor-align-center elementor-widget elementor-widget-button\" data-id=\"0efa025\" data-element_type=\"widget\" data-widget_type=\"button.default\">\n\t\t\t\t<div class=\"elementor-widget-container\">\n\t\t\t\t\t<div class=\"elementor-button-wrapper\">\n\t\t\t<a href=\"tel:%2055%2051%203037%208000\" target=\"_blank\" class=\"elementor-button-link elementor-button elementor-size-sm\" role=\"button\">\n\t\t\t\t\t\t<span class=\"elementor-button-content-wrapper\">\n\t\t\t\t\t\t<span class=\"elementor-button-text\">51.3037.8000<\/span>\n\t\t<\/span>\n\t\t\t\t\t<\/a>\n\t\t<\/div>\n\t\t\t\t<\/div>\n\t\t\t\t<\/div>\n\t\t\t\t\t<\/div>\n\t\t<\/div>\n\t\t\t\t\t\t\t<\/div>\n\t\t<\/section>\n\t\t\t\t\t\t\t<\/div>\n\t\t","protected":false},"excerpt":{"rendered":"<p>hist\u00f3ria e hino HIST\u00d3RIA A hist\u00f3ria do Semin\u00e1rio Conc\u00f3rdia est\u00e1 diretamente ligada \u00e0 hist\u00f3ria da Igreja Evang\u00e9lica Luterana do Brasil (IELB). Em 1903, antes da funda\u00e7\u00e3o oficial da IELB (24.06.1904), j\u00e1 funcionava o Semin\u00e1rio Conc\u00f3rdia. O Semin\u00e1rio foi planejado numa confer\u00eancia pastoral realizada em abril de 1903, na localidade de Bom Jesus, munic\u00edpio de S\u00e3o [&hellip;]<\/p>\n","protected":false},"author":1,"featured_media":0,"parent":0,"menu_order":0,"comment_status":"closed","ping_status":"closed","template":"","meta":{"footnotes":""},"class_list":["post-19","page","type-page","status-publish","hentry"],"_links":{"self":[{"href":"https:\/\/seminarioconcordia.com.br\/site\/wp-json\/wp\/v2\/pages\/19","targetHints":{"allow":["GET"]}}],"collection":[{"href":"https:\/\/seminarioconcordia.com.br\/site\/wp-json\/wp\/v2\/pages"}],"about":[{"href":"https:\/\/seminarioconcordia.com.br\/site\/wp-json\/wp\/v2\/types\/page"}],"author":[{"embeddable":true,"href":"https:\/\/seminarioconcordia.com.br\/site\/wp-json\/wp\/v2\/users\/1"}],"replies":[{"embeddable":true,"href":"https:\/\/seminarioconcordia.com.br\/site\/wp-json\/wp\/v2\/comments?post=19"}],"version-history":[{"count":52,"href":"https:\/\/seminarioconcordia.com.br\/site\/wp-json\/wp\/v2\/pages\/19\/revisions"}],"predecessor-version":[{"id":2466,"href":"https:\/\/seminarioconcordia.com.br\/site\/wp-json\/wp\/v2\/pages\/19\/revisions\/2466"}],"wp:attachment":[{"href":"https:\/\/seminarioconcordia.com.br\/site\/wp-json\/wp\/v2\/media?parent=19"}],"curies":[{"name":"wp","href":"https:\/\/api.w.org\/{rel}","templated":true}]}}