{"id":12,"date":"2022-01-06T20:12:28","date_gmt":"2022-01-06T22:12:28","guid":{"rendered":"https:\/\/seminarioconcordia.com.br\/site\/?page_id=12"},"modified":"2022-03-22T03:24:20","modified_gmt":"2022-03-22T06:24:20","slug":"academico","status":"publish","type":"page","link":"https:\/\/seminarioconcordia.com.br\/site\/academico\/","title":{"rendered":"Apresenta\u00e7\u00e3o"},"content":{"rendered":"\t\t<div data-elementor-type=\"wp-page\" data-elementor-id=\"12\" class=\"elementor elementor-12\">\n\t\t\t\t\t\t\t\t\t<section class=\"elementor-section elementor-top-section elementor-element elementor-element-b9aba51 elementor-section-boxed elementor-section-height-default elementor-section-height-default\" data-id=\"b9aba51\" data-element_type=\"section\" data-settings=\"{&quot;background_background&quot;:&quot;classic&quot;}\">\n\t\t\t\t\t\t<div class=\"elementor-container elementor-column-gap-default\">\n\t\t\t\t\t<div class=\"elementor-column elementor-col-100 elementor-top-column elementor-element elementor-element-7ca41ca elementor-invisible\" data-id=\"7ca41ca\" data-element_type=\"column\" data-settings=\"{&quot;animation&quot;:&quot;fadeInDown&quot;}\">\n\t\t\t<div class=\"elementor-widget-wrap elementor-element-populated\">\n\t\t\t\t\t\t\t\t<div class=\"elementor-element elementor-element-7c1c937 elementor-widget elementor-widget-heading\" data-id=\"7c1c937\" data-element_type=\"widget\" data-widget_type=\"heading.default\">\n\t\t\t\t<div class=\"elementor-widget-container\">\n\t\t\t<style>\/*! elementor - v3.6.8 - 27-07-2022 *\/\n.elementor-heading-title{padding:0;margin:0;line-height:1}.elementor-widget-heading .elementor-heading-title[class*=elementor-size-]>a{color:inherit;font-size:inherit;line-height:inherit}.elementor-widget-heading .elementor-heading-title.elementor-size-small{font-size:15px}.elementor-widget-heading .elementor-heading-title.elementor-size-medium{font-size:19px}.elementor-widget-heading .elementor-heading-title.elementor-size-large{font-size:29px}.elementor-widget-heading .elementor-heading-title.elementor-size-xl{font-size:39px}.elementor-widget-heading .elementor-heading-title.elementor-size-xxl{font-size:59px}<\/style><h2 class=\"elementor-heading-title elementor-size-default\">apresenta\u00e7\u00e3o<\/h2>\t\t<\/div>\n\t\t\t\t<\/div>\n\t\t\t\t\t<\/div>\n\t\t<\/div>\n\t\t\t\t\t\t\t<\/div>\n\t\t<\/section>\n\t\t\t\t<section class=\"elementor-section elementor-top-section elementor-element elementor-element-941a1db elementor-section-full_width elementor-section-height-default elementor-section-height-default\" data-id=\"941a1db\" data-element_type=\"section\">\n\t\t\t\t\t\t<div class=\"elementor-container elementor-column-gap-no\">\n\t\t\t\t\t<div class=\"elementor-column elementor-col-100 elementor-top-column elementor-element elementor-element-a232625\" data-id=\"a232625\" data-element_type=\"column\">\n\t\t\t<div class=\"elementor-widget-wrap elementor-element-populated\">\n\t\t\t\t\t\t\t\t<div class=\"elementor-element elementor-element-fdc5fc0 elementor-widget elementor-widget-image\" data-id=\"fdc5fc0\" data-element_type=\"widget\" data-settings=\"{&quot;motion_fx_motion_fx_scrolling&quot;:&quot;yes&quot;,&quot;motion_fx_scale_effect&quot;:&quot;yes&quot;,&quot;motion_fx_scale_speed&quot;:{&quot;unit&quot;:&quot;px&quot;,&quot;size&quot;:2,&quot;sizes&quot;:[]},&quot;motion_fx_scale_direction&quot;:&quot;out-in&quot;,&quot;motion_fx_scale_range&quot;:{&quot;unit&quot;:&quot;%&quot;,&quot;size&quot;:&quot;&quot;,&quot;sizes&quot;:{&quot;start&quot;:20,&quot;end&quot;:80}},&quot;motion_fx_devices&quot;:[&quot;desktop&quot;,&quot;tablet&quot;,&quot;mobile&quot;]}\" data-widget_type=\"image.default\">\n\t\t\t\t<div class=\"elementor-widget-container\">\n\t\t\t<style>\/*! elementor - v3.6.8 - 27-07-2022 *\/\n.elementor-widget-image{text-align:center}.elementor-widget-image a{display:inline-block}.elementor-widget-image a img[src$=\".svg\"]{width:48px}.elementor-widget-image img{vertical-align:middle;display:inline-block}<\/style>\t\t\t\t\t\t\t\t\t\t\t\t<img loading=\"lazy\" decoding=\"async\" width=\"800\" height=\"456\" src=\"https:\/\/seminarioconcordia.com.br\/site\/wp-content\/uploads\/2022\/01\/producao-seminario.jpg\" class=\"attachment-large size-large\" alt=\"\" srcset=\"https:\/\/seminarioconcordia.com.br\/site\/wp-content\/uploads\/2022\/01\/producao-seminario.jpg 1000w, https:\/\/seminarioconcordia.com.br\/site\/wp-content\/uploads\/2022\/01\/producao-seminario-300x171.jpg 300w, https:\/\/seminarioconcordia.com.br\/site\/wp-content\/uploads\/2022\/01\/producao-seminario-150x86.jpg 150w, https:\/\/seminarioconcordia.com.br\/site\/wp-content\/uploads\/2022\/01\/producao-seminario-768x438.jpg 768w\" sizes=\"auto, (max-width: 800px) 100vw, 800px\" \/>\t\t\t\t\t\t\t\t\t\t\t\t\t\t\t<\/div>\n\t\t\t\t<\/div>\n\t\t\t\t\t<\/div>\n\t\t<\/div>\n\t\t\t\t\t\t\t<\/div>\n\t\t<\/section>\n\t\t\t\t<section class=\"elementor-section elementor-top-section elementor-element elementor-element-6f04a12 elementor-section-boxed elementor-section-height-default elementor-section-height-default\" data-id=\"6f04a12\" data-element_type=\"section\" data-settings=\"{&quot;background_background&quot;:&quot;classic&quot;,&quot;shape_divider_bottom&quot;:&quot;opacity-tilt&quot;}\">\n\t\t\t\t\t<div class=\"elementor-shape elementor-shape-bottom\" data-negative=\"false\">\n\t\t\t<svg xmlns=\"http:\/\/www.w3.org\/2000\/svg\" viewBox=\"0 0 2600 131.1\" preserveAspectRatio=\"none\">\n\t<path class=\"elementor-shape-fill\" d=\"M0 0L2600 0 2600 69.1 0 0z\"\/>\n\t<path class=\"elementor-shape-fill\" style=\"opacity:0.5\" d=\"M0 0L2600 0 2600 69.1 0 69.1z\"\/>\n\t<path class=\"elementor-shape-fill\" style=\"opacity:0.25\" d=\"M2600 0L0 0 0 130.1 2600 69.1z\"\/>\n<\/svg>\t\t<\/div>\n\t\t\t\t\t<div class=\"elementor-container elementor-column-gap-default\">\n\t\t\t\t\t<div class=\"elementor-column elementor-col-50 elementor-top-column elementor-element elementor-element-659fb80\" data-id=\"659fb80\" data-element_type=\"column\">\n\t\t\t<div class=\"elementor-widget-wrap elementor-element-populated\">\n\t\t\t\t\t\t\t\t<div class=\"elementor-element elementor-element-3f507be elementor-widget elementor-widget-text-editor\" data-id=\"3f507be\" data-element_type=\"widget\" data-widget_type=\"text-editor.default\">\n\t\t\t\t<div class=\"elementor-widget-container\">\n\t\t\t<style>\/*! elementor - v3.6.8 - 27-07-2022 *\/\n.elementor-widget-text-editor.elementor-drop-cap-view-stacked .elementor-drop-cap{background-color:#818a91;color:#fff}.elementor-widget-text-editor.elementor-drop-cap-view-framed .elementor-drop-cap{color:#818a91;border:3px solid;background-color:transparent}.elementor-widget-text-editor:not(.elementor-drop-cap-view-default) .elementor-drop-cap{margin-top:8px}.elementor-widget-text-editor:not(.elementor-drop-cap-view-default) .elementor-drop-cap-letter{width:1em;height:1em}.elementor-widget-text-editor .elementor-drop-cap{float:left;text-align:center;line-height:1;font-size:50px}.elementor-widget-text-editor .elementor-drop-cap-letter{display:inline-block}<\/style>\t\t\t\t<p>H\u00e1 500 anos, um homem estava diante do governante de um imp\u00e9rio sobre o qual se diz que, devido \u00e0 sua vastid\u00e3o, o sol nunca se punha! Os ensinos daquele professor de teologia afrontavam doutrinas propagadas pela autoridade eclesi\u00e1stica da \u00e9poca. Chamado a retratar-se, apelou \u00e0 Escritura como guia de suas convic\u00e7\u00f5es e fez uma confiss\u00e3o que marcou \u00e9poca: \u201cminha consci\u00eancia est\u00e1 presa \u00e0 Palavra de Deus e n\u00e3o posso nem quero revogar qualquer coisa, pois n\u00e3o \u00e9 sem perigo nem salutar agir contra a consci\u00eancia. De outra maneira n\u00e3o posso, aqui estou, que Deus me ajude, am\u00e9m.\u201d (Martinho Lutero, na Dieta de Worms, diante do Imperador Carlos V, em 18 de abril de 1521). 500 anos depois, a humanidade vive um tempo diferente em muitos aspectos, comparado com os dias de Lutero. Estamos na expectativa e esperan\u00e7a do fim da pandemia, da chegada da vacina para todas as pessoas e da perspectiva de um retorno ao que se costumava considerar a normalidade. Mas cinco s\u00e9culos n\u00e3o modificaram o que h\u00e1 de mais necess\u00e1rio e urgente para todo ser humano. A palavra que anuncia Cristo, o Filho de Deus e Salvador da humanidade, se faz t\u00e3o necess\u00e1ria hoje como foi naquele abril de 1521. O Semin\u00e1rio Conc\u00f3rdia, neste ano em que celebra seu 118\u00ba anivers\u00e1rio de sua funda\u00e7\u00e3o, tem como sua miss\u00e3o preparar homens que fa\u00e7am a boa confiss\u00e3o com ousadia, clareza e conson\u00e2ncia com a Escritura, proclamando e ensinando a Palavra da vida. A \u201cEscola de Profetas\u201d da Igreja Evang\u00e9lica Luterana do Brasil (IELB) quer continuar sendo participante na miss\u00e3o de Deus, capacitando os futuros pastores e di\u00e1conos, servos de Jesus Cristo, testemunhas da verdade que salva. Cada aula, cada momento devocional, cada momento de di\u00e1logo entre professores e estudantes parte da convic\u00e7\u00e3o que o Evangelho de Jesus Cristo, o Salvador ressurreto, \u00e9 a maior necessidade para o mundo. \u00c9 tempo de olhar para a frente, com esperan\u00e7a e confian\u00e7a&#8230; n\u00e3o apenas da t\u00e3o desejada vacina para todos, mas sobretudo pela certeza de que o Senhor Jesus Cristo \u00e9 hoje, como sempre foi e sempre ser\u00e1, o Senhor do Universo, Salvador da humanidade, Cabe\u00e7a da Igreja.<\/p>\t\t\t\t\t\t<\/div>\n\t\t\t\t<\/div>\n\t\t\t\t\t<\/div>\n\t\t<\/div>\n\t\t\t\t<div class=\"elementor-column elementor-col-50 elementor-top-column elementor-element elementor-element-77fe013\" data-id=\"77fe013\" data-element_type=\"column\">\n\t\t\t<div class=\"elementor-widget-wrap elementor-element-populated\">\n\t\t\t\t\t\t\t\t<div class=\"elementor-element elementor-element-39a5a26 elementor-widget elementor-widget-text-editor\" data-id=\"39a5a26\" data-element_type=\"widget\" data-widget_type=\"text-editor.default\">\n\t\t\t\t<div class=\"elementor-widget-container\">\n\t\t\t\t\t\t\t<p>\u00c9 tempo de gratid\u00e3o \u2013 a Deus, por sua gra\u00e7a incompar\u00e1vel, pela sua presen\u00e7a misericordiosa, pelas b\u00ean\u00e7\u00e3os derramadas e por tantas pessoas e institui\u00e7\u00f5es que ele tem movido para o apoio ao preparo dos futuros pastores e di\u00e1conos da Igreja. A gratid\u00e3o, assim, se estende aos instrumentos que o gracioso Deus tem colocado: os pais de nossos estudantes, com os seus pastores, que t\u00eam incentivado e enviado alunos para o Semin\u00e1rio; congrega\u00e7\u00f5es, distritos e Ligas de Servas e Leigos, que t\u00eam proporcionado bolsas de estudo para a manuten\u00e7\u00e3o dos estudantes; \u00e0 Associa\u00e7\u00e3o de Servas do Semin\u00e1rio Conc\u00f3rdia (ASAS), pela sua presen\u00e7a, carinho e apoio aos estudantes; \u00e0 Universidade Luterana do Brasil, onde os futuros pastores da IELB recebem seu bacharelado e especializa\u00e7\u00e3o em teologia; \u00e0 administra\u00e7\u00e3o nacional da IELB, pela sua vis\u00e3o, de entender que educa\u00e7\u00e3o teol\u00f3gica \u00e9 requisito fundamental para uma igreja que quer continuar sendo confessional. \u00c9 tempo de lembrar com gratid\u00e3o dois colegas que se despedem da Faculdade de Teologia: o professor Dr. Paulo M. Nerbas, que desfruta de sua merecida aposentadoria e o pastor Leonerio Faller, que nos \u00faltimos oito anos exerceu com fidelidade e compet\u00eancia a dire\u00e7\u00e3o do Semin\u00e1rio Conc\u00f3rdia e agora retorna ao pastorado congregacional. S\u00e3o colegas que deixam n\u00e3o apenas saudades, mas o exemplo de amor pela causa do Salvador Jesus e zelo pela miss\u00e3o de Deus. Que o Senhor os aben\u00e7oe na nova jornada. Que o ano de 2021 traga ricas b\u00ean\u00e7\u00e3os do Pai celestial sobre a educa\u00e7\u00e3o teol\u00f3gica da IELB, com repercuss\u00f5es para o trabalho no Brasil, na Am\u00e9rica Latina, na \u00c1frica e onde mais houver a oportunidade de fazer a boa confiss\u00e3o: \u201cminha consci\u00eancia est\u00e1 presa \u00e0 Palavra de Deus&#8230; aqui estou, que Deus me ajude. Am\u00e9m.\u201d<\/p><p><strong>Gerson L. Linden | Diretor<\/strong><\/p>\t\t\t\t\t\t<\/div>\n\t\t\t\t<\/div>\n\t\t\t\t\t<\/div>\n\t\t<\/div>\n\t\t\t\t\t\t\t<\/div>\n\t\t<\/section>\n\t\t\t\t<section class=\"elementor-section elementor-top-section elementor-element elementor-element-1ae1fdd elementor-section-boxed elementor-section-height-default elementor-section-height-default\" data-id=\"1ae1fdd\" data-element_type=\"section\" data-settings=\"{&quot;background_background&quot;:&quot;classic&quot;}\">\n\t\t\t\t\t\t<div class=\"elementor-container elementor-column-gap-default\">\n\t\t\t\t\t<div class=\"elementor-column elementor-col-50 elementor-top-column elementor-element elementor-element-a3bc96a\" data-id=\"a3bc96a\" data-element_type=\"column\">\n\t\t\t<div class=\"elementor-widget-wrap elementor-element-populated\">\n\t\t\t\t\t\t\t\t<div class=\"elementor-element elementor-element-47fcf9f elementor-widget elementor-widget-heading\" data-id=\"47fcf9f\" data-element_type=\"widget\" data-widget_type=\"heading.default\">\n\t\t\t\t<div class=\"elementor-widget-container\">\n\t\t\t<h2 class=\"elementor-heading-title elementor-size-default\">Fa\u00e7a-nos uma visita! Entre em contato conosco pelo telefone:<\/h2>\t\t<\/div>\n\t\t\t\t<\/div>\n\t\t\t\t\t<\/div>\n\t\t<\/div>\n\t\t\t\t<div class=\"elementor-column elementor-col-50 elementor-top-column elementor-element elementor-element-4911115\" data-id=\"4911115\" data-element_type=\"column\">\n\t\t\t<div class=\"elementor-widget-wrap elementor-element-populated\">\n\t\t\t\t\t\t\t\t<div class=\"elementor-element elementor-element-89547f0 elementor-align-center elementor-widget elementor-widget-button\" data-id=\"89547f0\" data-element_type=\"widget\" data-widget_type=\"button.default\">\n\t\t\t\t<div class=\"elementor-widget-container\">\n\t\t\t\t\t<div class=\"elementor-button-wrapper\">\n\t\t\t<a href=\"tel:%2055%2051%203037%208000\" target=\"_blank\" class=\"elementor-button-link elementor-button elementor-size-sm\" role=\"button\">\n\t\t\t\t\t\t<span class=\"elementor-button-content-wrapper\">\n\t\t\t\t\t\t<span class=\"elementor-button-text\">51.3037.8000<\/span>\n\t\t<\/span>\n\t\t\t\t\t<\/a>\n\t\t<\/div>\n\t\t\t\t<\/div>\n\t\t\t\t<\/div>\n\t\t\t\t\t<\/div>\n\t\t<\/div>\n\t\t\t\t\t\t\t<\/div>\n\t\t<\/section>\n\t\t\t\t\t\t\t<\/div>\n\t\t","protected":false},"excerpt":{"rendered":"<p>apresenta\u00e7\u00e3o H\u00e1 500 anos, um homem estava diante do governante de um imp\u00e9rio sobre o qual se diz que, devido \u00e0 sua vastid\u00e3o, o sol nunca se punha! Os ensinos daquele professor de teologia afrontavam doutrinas propagadas pela autoridade eclesi\u00e1stica da \u00e9poca. Chamado a retratar-se, apelou \u00e0 Escritura como guia de suas convic\u00e7\u00f5es e fez [&hellip;]<\/p>\n","protected":false},"author":1,"featured_media":0,"parent":0,"menu_order":0,"comment_status":"closed","ping_status":"closed","template":"","meta":{"footnotes":""},"class_list":["post-12","page","type-page","status-publish","hentry"],"_links":{"self":[{"href":"https:\/\/seminarioconcordia.com.br\/site\/wp-json\/wp\/v2\/pages\/12","targetHints":{"allow":["GET"]}}],"collection":[{"href":"https:\/\/seminarioconcordia.com.br\/site\/wp-json\/wp\/v2\/pages"}],"about":[{"href":"https:\/\/seminarioconcordia.com.br\/site\/wp-json\/wp\/v2\/types\/page"}],"author":[{"embeddable":true,"href":"https:\/\/seminarioconcordia.com.br\/site\/wp-json\/wp\/v2\/users\/1"}],"replies":[{"embeddable":true,"href":"https:\/\/seminarioconcordia.com.br\/site\/wp-json\/wp\/v2\/comments?post=12"}],"version-history":[{"count":74,"href":"https:\/\/seminarioconcordia.com.br\/site\/wp-json\/wp\/v2\/pages\/12\/revisions"}],"predecessor-version":[{"id":2463,"href":"https:\/\/seminarioconcordia.com.br\/site\/wp-json\/wp\/v2\/pages\/12\/revisions\/2463"}],"wp:attachment":[{"href":"https:\/\/seminarioconcordia.com.br\/site\/wp-json\/wp\/v2\/media?parent=12"}],"curies":[{"name":"wp","href":"https:\/\/api.w.org\/{rel}","templated":true}]}}